{"id":26275,"date":"2025-12-09T13:56:57","date_gmt":"2025-12-09T13:56:57","guid":{"rendered":"https:\/\/limbostarr.com\/web\/?post_type=product&#038;p=26275"},"modified":"2026-04-20T18:05:30","modified_gmt":"2026-04-20T18:05:30","slug":"hostia-pedagogica-pack-single-camiseta-blanca","status":"publish","type":"product","link":"https:\/\/limbostarr.com\/web\/producto\/hostia-pedagogica-pack-single-camiseta-blanca\/","title":{"rendered":"Hostia Pedag\u00f3gica Pack single + camiseta blanca"},"content":{"rendered":"<div class=\"wpb-content-wrapper\"><p>[vc_row][vc_column width=\u00bb2\/3&#8243;][vc_column_text]<\/p>\n<p data-start=\"408\" data-end=\"746\"><span style=\"color: #000000;\">El tr\u00edo barcelon\u00e9s <strong data-start=\"427\" data-end=\"448\">Hostia Pedag\u00f3gica<\/strong> irrumpe con un golpe seco: <strong>Abajo con el trabajo\/Vendo Manual\u00a0<\/strong>es su nuevo trabajo en single de vinilo 7&#8243;, un impacto directo desde el garaje post-punk que mezcla adrenalina, iron\u00eda y reflexi\u00f3n. Con riffs afilados, ritmos que no dan tregua y letras punzantes, la banda se confirma como una de las revelaciones de la temporada.<\/span><\/p>\n<p data-start=\"748\" data-end=\"1187\"><span style=\"color: #000000;\">Por una cara, \u201c<strong data-start=\"1006\" data-end=\"1030\">Abajo con el trabajo<\/strong>\u201d, himno sarc\u00e1stico entre el punk y el indie-rock que dispara sin piedad contra la precariedad, la meritocracia vac\u00eda y la vida laboral sin descanso.<\/span><\/p>\n<p data-start=\"748\" data-end=\"1187\"><span style=\"color: #000000;\">Por la otra, \u201c<strong data-start=\"752\" data-end=\"768\">Vendo Manual<\/strong>\u201d donde profundizan en su retranca habitual: una s\u00e1tira l\u00facida contra la cultura de la autoayuda, escrita con ese tipo de iron\u00eda que te deja una sonrisa torcida mientras no puedes dejar de mover la cabeza \u2014por dentro y por fuera. <\/span><\/p>\n<p data-start=\"748\" data-end=\"1187\"><span style=\"color: #000000;\"><a href=\"https:\/\/instagram.com\/hostiapedagogica\"><strong data-start=\"1189\" data-end=\"1210\">Hostia Pedag\u00f3gica<\/strong> <\/a>\u2014Java (guitarra\/voz), Brian (bater\u00eda\/coros) y Jordi (bajo\/coros)\u2014 hacen <em data-start=\"1283\" data-end=\"1328\">garage post-punk para oficinistas pir\u00f3manos<\/em>. Directos potentes, llenos de ruido, ritmos contagiosos y letras que invitan al desahogo. <\/span><span style=\"color: #000000;\">Tras la excelente acogida de su primer EP autoproducido, ahora, de la mano de <strong data-start=\"1499\" data-end=\"1514\">Limbo Starr<\/strong>, vuelven con m\u00e1s gasolina, m\u00e1s retranca y menos ganas que nunca de dar lecciones.<\/span><\/p>\n<p data-start=\"1600\" data-end=\"1672\"><span style=\"color: #000000;\"><strong data-start=\"1600\" data-end=\"1633\">Edici\u00f3n limitada en vinilo 7\u201d<\/strong>.<\/span><br data-start=\"1634\" data-end=\"1637\" \/><span style=\"color: #000000;\">Dos canciones, ni una de relleno.<\/span><\/p>\n<p>[\/vc_column_text][vc_single_image image=\u00bb26104&#8243; img_size=\u00bbfull\u00bb full_width=\u00bb1&#8243; opacity=\u00bb100&#8243;][vc_single_image image=\u00bb26105&#8243; img_size=\u00bbfull\u00bb full_width=\u00bb1&#8243; opacity=\u00bb100&#8243;][vc_single_image image=\u00bb26168&#8243; img_size=\u00bbfull\u00bb full_width=\u00bb\u00bb opacity=\u00bb100&#8243;][vc_column_text]<\/p>\n<table>\n<tbody>\n<tr class=\"ztXv9\">\n<th>Talla<\/th>\n<th>Ancho x Alto<\/th>\n<\/tr>\n<tr>\n<td><b>S<\/b><\/td>\n<td><b>46&#215;70<\/b><\/td>\n<\/tr>\n<tr>\n<td><b>M<\/b><\/td>\n<td><b>51&#215;73<\/b><\/td>\n<\/tr>\n<tr>\n<td><b>L<\/b><\/td>\n<td><b>56&#215;76<\/b><\/td>\n<\/tr>\n<tr>\n<td><b>XL<\/b><\/td>\n<td><b>61&#215;78<\/b><\/td>\n<\/tr>\n<\/tbody>\n<\/table>\n<p>[\/vc_column_text][\/vc_column][vc_column width=\u00bb1\/3&#8243;][vc_column_text]<span style=\"color: #333333;\"><strong>Tracklist:<\/strong><\/span><\/p>\n<p><span style=\"color: #333333;\"><strong>Cara A<\/strong><\/span><br \/>\n<span style=\"color: #333333;\">1. Abajo con el trabajo<\/span><\/p>\n<p><span style=\"color: #333333;\"><strong>Cara B<\/strong><\/span><br \/>\n<span style=\"color: #333333;\">1. <span class=\"track-title\">Vendo manual<\/span><\/span>[\/vc_column_text][wvc_audio_embed link=\u00bbhttps:\/\/open.spotify.com\/intl-es\/artist\/4HNNkJyfZVm2MpsWq3EkzB\u00bb][vc_raw_html css=\u00bb\u00bb]JTNDaWZyYW1lJTIwc3R5bGUlM0QlMjJib3JkZXIlM0ElMjAwJTNCJTIwd2lkdGglM0ElMjAzNTBweCUzQiUyMGhlaWdodCUzQSUyMDQ3MHB4JTNCJTIyJTIwc3JjJTNEJTIyaHR0cHMlM0ElMkYlMkZiYW5kY2FtcC5jb20lMkZFbWJlZGRlZFBsYXllciUyRmFsYnVtJTNEMjEwNTMxNDAzMyUyRnNpemUlM0RsYXJnZSUyRmJnY29sJTNEZmZmZmZmJTJGbGlua2NvbCUzRDA2ODdmNSUyRnRyYWNrbGlzdCUzRGZhbHNlJTJGdHJhbnNwYXJlbnQlM0R0cnVlJTJGJTIyJTIwc2VhbWxlc3MlM0UlM0NhJTIwaHJlZiUzRCUyMmh0dHBzJTNBJTJGJTJGbGltYm9zdGFyci5iYW5kY2FtcC5jb20lMkZhbGJ1bSUyRmFiYWpvLWNvbi1lbC10cmFiYWpvJTIyJTNFQWJham8lMjBjb24lMjBlbCUyMHRyYWJham8lMjBieSUyMEhvc3RpYSUyMFBlZGFnJUMzJUIzZ2ljYSUzQyUyRmElM0UlM0MlMkZpZnJhbWUlM0U=[\/vc_raw_html][\/vc_column][\/vc_row]<\/p>\n<\/div>","protected":false},"excerpt":{"rendered":"<p><span style=\"color: #000000;\"><em data-start=\"1283\" data-end=\"1328\">Garage post-punk para oficinistas pir\u00f3manos.<\/em><\/span><\/p>\n","protected":false},"featured_media":26265,"template":"","meta":[],"product_brand":[],"product_cat":[445],"product_tag":[446],"class_list":{"0":"post-26275","1":"product","2":"type-product","3":"status-publish","4":"has-post-thumbnail","6":"product_cat-hostia-pedagogica","7":"product_tag-hostia-pedagogica","8":"entry","9":"clearfix","10":"entry-grid","11":"entry-columns-4","12":"entry-product-module-layout-sidebar-right","13":"thumbnail-color-tone-light","14":"is-instagram","15":"is-wvc-audio-embed","16":"has-audio-player","17":"entry-product","18":"entry-grid_modern_alt","19":"entry-product-grid_modern_alt","21":"first","22":"instock","23":"featured","24":"shipping-taxable","25":"purchasable","26":"product-type-variable"},"yoast_head":"<!-- This site is optimized with the Yoast SEO plugin v27.5 - https:\/\/yoast.com\/product\/yoast-seo-wordpress\/ -->\n<title>Hostia Pedag\u00f3gica Pack single + camiseta blanca - Limbo Starr<\/title>\n<meta name=\"description\" content=\"El tr\u00edo barcelon\u00e9s Hostia Pedag\u00f3gica irrumpe con un golpe seco: Abajo con el trabajo\/Vendo Manual\u00a0es su nuevo trabajo en single de vinilo 7&quot;.\" \/>\n<meta name=\"robots\" content=\"index, follow, max-snippet:-1, max-image-preview:large, max-video-preview:-1\" \/>\n<link rel=\"canonical\" href=\"https:\/\/limbostarr.com\/web\/producto\/hostia-pedagogica-pack-single-camiseta-blanca\/\" \/>\n<meta property=\"og:locale\" content=\"es_ES\" \/>\n<meta property=\"og:type\" content=\"article\" \/>\n<meta property=\"og:title\" content=\"Hostia Pedag\u00f3gica Pack single + camiseta blanca - Limbo Starr\" \/>\n<meta property=\"og:description\" content=\"El tr\u00edo barcelon\u00e9s Hostia Pedag\u00f3gica irrumpe con un golpe seco: Abajo con el trabajo\/Vendo Manual\u00a0es su nuevo trabajo en single de vinilo 7&quot;.\" \/>\n<meta property=\"og:url\" content=\"https:\/\/limbostarr.com\/web\/producto\/hostia-pedagogica-pack-single-camiseta-blanca\/\" \/>\n<meta property=\"og:site_name\" content=\"Limbo Starr\" \/>\n<meta property=\"article:publisher\" content=\"https:\/\/www.facebook.com\/limbostarrmad\" \/>\n<meta property=\"article:modified_time\" content=\"2026-04-20T18:05:30+00:00\" \/>\n<meta property=\"og:image\" content=\"https:\/\/limbostarr.com\/web\/wp-content\/uploads\/2025\/12\/pack-blanco.jpg\" \/>\n\t<meta property=\"og:image:width\" content=\"1222\" \/>\n\t<meta property=\"og:image:height\" content=\"1222\" \/>\n\t<meta property=\"og:image:type\" content=\"image\/jpeg\" \/>\n<meta name=\"twitter:card\" content=\"summary_large_image\" \/>\n<meta name=\"twitter:site\" content=\"@limbostarrmad\" \/>\n<meta name=\"twitter:label1\" content=\"Tiempo de lectura\" \/>\n\t<meta name=\"twitter:data1\" content=\"2 minutos\" \/>\n<script type=\"application\/ld+json\" class=\"yoast-schema-graph\">{\"@context\":\"https:\\\/\\\/schema.org\",\"@graph\":[{\"@type\":\"WebPage\",\"@id\":\"https:\\\/\\\/limbostarr.com\\\/web\\\/producto\\\/hostia-pedagogica-pack-single-camiseta-blanca\\\/\",\"url\":\"https:\\\/\\\/limbostarr.com\\\/web\\\/producto\\\/hostia-pedagogica-pack-single-camiseta-blanca\\\/\",\"name\":\"Hostia Pedag\u00f3gica Pack single + camiseta blanca - Limbo Starr\",\"isPartOf\":{\"@id\":\"https:\\\/\\\/limbostarr.com\\\/web\\\/#website\"},\"primaryImageOfPage\":{\"@id\":\"https:\\\/\\\/limbostarr.com\\\/web\\\/producto\\\/hostia-pedagogica-pack-single-camiseta-blanca\\\/#primaryimage\"},\"image\":{\"@id\":\"https:\\\/\\\/limbostarr.com\\\/web\\\/producto\\\/hostia-pedagogica-pack-single-camiseta-blanca\\\/#primaryimage\"},\"thumbnailUrl\":\"https:\\\/\\\/limbostarr.com\\\/web\\\/wp-content\\\/uploads\\\/2025\\\/12\\\/pack-blanco.jpg\",\"datePublished\":\"2025-12-09T13:56:57+00:00\",\"dateModified\":\"2026-04-20T18:05:30+00:00\",\"description\":\"El tr\u00edo barcelon\u00e9s Hostia Pedag\u00f3gica irrumpe con un golpe seco: Abajo con el trabajo\\\/Vendo Manual\u00a0es su nuevo trabajo en single de vinilo 7\\\".\",\"breadcrumb\":{\"@id\":\"https:\\\/\\\/limbostarr.com\\\/web\\\/producto\\\/hostia-pedagogica-pack-single-camiseta-blanca\\\/#breadcrumb\"},\"inLanguage\":\"es\",\"potentialAction\":[{\"@type\":\"ReadAction\",\"target\":[\"https:\\\/\\\/limbostarr.com\\\/web\\\/producto\\\/hostia-pedagogica-pack-single-camiseta-blanca\\\/\"]}]},{\"@type\":\"ImageObject\",\"inLanguage\":\"es\",\"@id\":\"https:\\\/\\\/limbostarr.com\\\/web\\\/producto\\\/hostia-pedagogica-pack-single-camiseta-blanca\\\/#primaryimage\",\"url\":\"https:\\\/\\\/limbostarr.com\\\/web\\\/wp-content\\\/uploads\\\/2025\\\/12\\\/pack-blanco.jpg\",\"contentUrl\":\"https:\\\/\\\/limbostarr.com\\\/web\\\/wp-content\\\/uploads\\\/2025\\\/12\\\/pack-blanco.jpg\",\"width\":1222,\"height\":1222,\"caption\":\"Pack Hostia Pedagogica\"},{\"@type\":\"BreadcrumbList\",\"@id\":\"https:\\\/\\\/limbostarr.com\\\/web\\\/producto\\\/hostia-pedagogica-pack-single-camiseta-blanca\\\/#breadcrumb\",\"itemListElement\":[{\"@type\":\"ListItem\",\"position\":1,\"name\":\"Portada\",\"item\":\"https:\\\/\\\/limbostarr.com\\\/web\\\/\"},{\"@type\":\"ListItem\",\"position\":2,\"name\":\"SHOP\",\"item\":\"https:\\\/\\\/limbostarr.com\\\/web\\\/tienda\\\/\"},{\"@type\":\"ListItem\",\"position\":3,\"name\":\"Hostia Pedag\u00f3gica Pack single + camiseta blanca\"}]},{\"@type\":\"WebSite\",\"@id\":\"https:\\\/\\\/limbostarr.com\\\/web\\\/#website\",\"url\":\"https:\\\/\\\/limbostarr.com\\\/web\\\/\",\"name\":\"Limbo Starr\",\"description\":\"Sello discografico independiente\",\"publisher\":{\"@id\":\"https:\\\/\\\/limbostarr.com\\\/web\\\/#organization\"},\"potentialAction\":[{\"@type\":\"SearchAction\",\"target\":{\"@type\":\"EntryPoint\",\"urlTemplate\":\"https:\\\/\\\/limbostarr.com\\\/web\\\/?s={search_term_string}\"},\"query-input\":{\"@type\":\"PropertyValueSpecification\",\"valueRequired\":true,\"valueName\":\"search_term_string\"}}],\"inLanguage\":\"es\"},{\"@type\":\"Organization\",\"@id\":\"https:\\\/\\\/limbostarr.com\\\/web\\\/#organization\",\"name\":\"Limbo Starr\",\"url\":\"https:\\\/\\\/limbostarr.com\\\/web\\\/\",\"logo\":{\"@type\":\"ImageObject\",\"inLanguage\":\"es\",\"@id\":\"https:\\\/\\\/limbostarr.com\\\/web\\\/#\\\/schema\\\/logo\\\/image\\\/\",\"url\":\"https:\\\/\\\/limbostarr.com\\\/web\\\/wp-content\\\/uploads\\\/2016\\\/12\\\/logo-limbo-spotify.gif\",\"contentUrl\":\"https:\\\/\\\/limbostarr.com\\\/web\\\/wp-content\\\/uploads\\\/2016\\\/12\\\/logo-limbo-spotify.gif\",\"width\":500,\"height\":500,\"caption\":\"Limbo Starr\"},\"image\":{\"@id\":\"https:\\\/\\\/limbostarr.com\\\/web\\\/#\\\/schema\\\/logo\\\/image\\\/\"},\"sameAs\":[\"https:\\\/\\\/www.facebook.com\\\/limbostarrmad\",\"https:\\\/\\\/x.com\\\/limbostarrmad\",\"https:\\\/\\\/www.instagram.com\\\/limbostarr\\\/\",\"https:\\\/\\\/www.youtube.com\\\/user\\\/limbostarr\"]}]}<\/script>\n<!-- \/ Yoast SEO plugin. -->","yoast_head_json":{"title":"Hostia Pedag\u00f3gica Pack single + camiseta blanca - Limbo Starr","description":"El tr\u00edo barcelon\u00e9s Hostia Pedag\u00f3gica irrumpe con un golpe seco: Abajo con el trabajo\/Vendo Manual\u00a0es su nuevo trabajo en single de vinilo 7\".","robots":{"index":"index","follow":"follow","max-snippet":"max-snippet:-1","max-image-preview":"max-image-preview:large","max-video-preview":"max-video-preview:-1"},"canonical":"https:\/\/limbostarr.com\/web\/producto\/hostia-pedagogica-pack-single-camiseta-blanca\/","og_locale":"es_ES","og_type":"article","og_title":"Hostia Pedag\u00f3gica Pack single + camiseta blanca - Limbo Starr","og_description":"El tr\u00edo barcelon\u00e9s Hostia Pedag\u00f3gica irrumpe con un golpe seco: Abajo con el trabajo\/Vendo Manual\u00a0es su nuevo trabajo en single de vinilo 7\".","og_url":"https:\/\/limbostarr.com\/web\/producto\/hostia-pedagogica-pack-single-camiseta-blanca\/","og_site_name":"Limbo Starr","article_publisher":"https:\/\/www.facebook.com\/limbostarrmad","article_modified_time":"2026-04-20T18:05:30+00:00","og_image":[{"width":1222,"height":1222,"url":"https:\/\/limbostarr.com\/web\/wp-content\/uploads\/2025\/12\/pack-blanco.jpg","type":"image\/jpeg"}],"twitter_card":"summary_large_image","twitter_site":"@limbostarrmad","twitter_misc":{"Tiempo de lectura":"2 minutos"},"schema":{"@context":"https:\/\/schema.org","@graph":[{"@type":"WebPage","@id":"https:\/\/limbostarr.com\/web\/producto\/hostia-pedagogica-pack-single-camiseta-blanca\/","url":"https:\/\/limbostarr.com\/web\/producto\/hostia-pedagogica-pack-single-camiseta-blanca\/","name":"Hostia Pedag\u00f3gica Pack single + camiseta blanca - Limbo Starr","isPartOf":{"@id":"https:\/\/limbostarr.com\/web\/#website"},"primaryImageOfPage":{"@id":"https:\/\/limbostarr.com\/web\/producto\/hostia-pedagogica-pack-single-camiseta-blanca\/#primaryimage"},"image":{"@id":"https:\/\/limbostarr.com\/web\/producto\/hostia-pedagogica-pack-single-camiseta-blanca\/#primaryimage"},"thumbnailUrl":"https:\/\/limbostarr.com\/web\/wp-content\/uploads\/2025\/12\/pack-blanco.jpg","datePublished":"2025-12-09T13:56:57+00:00","dateModified":"2026-04-20T18:05:30+00:00","description":"El tr\u00edo barcelon\u00e9s Hostia Pedag\u00f3gica irrumpe con un golpe seco: Abajo con el trabajo\/Vendo Manual\u00a0es su nuevo trabajo en single de vinilo 7\".","breadcrumb":{"@id":"https:\/\/limbostarr.com\/web\/producto\/hostia-pedagogica-pack-single-camiseta-blanca\/#breadcrumb"},"inLanguage":"es","potentialAction":[{"@type":"ReadAction","target":["https:\/\/limbostarr.com\/web\/producto\/hostia-pedagogica-pack-single-camiseta-blanca\/"]}]},{"@type":"ImageObject","inLanguage":"es","@id":"https:\/\/limbostarr.com\/web\/producto\/hostia-pedagogica-pack-single-camiseta-blanca\/#primaryimage","url":"https:\/\/limbostarr.com\/web\/wp-content\/uploads\/2025\/12\/pack-blanco.jpg","contentUrl":"https:\/\/limbostarr.com\/web\/wp-content\/uploads\/2025\/12\/pack-blanco.jpg","width":1222,"height":1222,"caption":"Pack Hostia Pedagogica"},{"@type":"BreadcrumbList","@id":"https:\/\/limbostarr.com\/web\/producto\/hostia-pedagogica-pack-single-camiseta-blanca\/#breadcrumb","itemListElement":[{"@type":"ListItem","position":1,"name":"Portada","item":"https:\/\/limbostarr.com\/web\/"},{"@type":"ListItem","position":2,"name":"SHOP","item":"https:\/\/limbostarr.com\/web\/tienda\/"},{"@type":"ListItem","position":3,"name":"Hostia Pedag\u00f3gica Pack single + camiseta blanca"}]},{"@type":"WebSite","@id":"https:\/\/limbostarr.com\/web\/#website","url":"https:\/\/limbostarr.com\/web\/","name":"Limbo Starr","description":"Sello discografico independiente","publisher":{"@id":"https:\/\/limbostarr.com\/web\/#organization"},"potentialAction":[{"@type":"SearchAction","target":{"@type":"EntryPoint","urlTemplate":"https:\/\/limbostarr.com\/web\/?s={search_term_string}"},"query-input":{"@type":"PropertyValueSpecification","valueRequired":true,"valueName":"search_term_string"}}],"inLanguage":"es"},{"@type":"Organization","@id":"https:\/\/limbostarr.com\/web\/#organization","name":"Limbo Starr","url":"https:\/\/limbostarr.com\/web\/","logo":{"@type":"ImageObject","inLanguage":"es","@id":"https:\/\/limbostarr.com\/web\/#\/schema\/logo\/image\/","url":"https:\/\/limbostarr.com\/web\/wp-content\/uploads\/2016\/12\/logo-limbo-spotify.gif","contentUrl":"https:\/\/limbostarr.com\/web\/wp-content\/uploads\/2016\/12\/logo-limbo-spotify.gif","width":500,"height":500,"caption":"Limbo Starr"},"image":{"@id":"https:\/\/limbostarr.com\/web\/#\/schema\/logo\/image\/"},"sameAs":["https:\/\/www.facebook.com\/limbostarrmad","https:\/\/x.com\/limbostarrmad","https:\/\/www.instagram.com\/limbostarr\/","https:\/\/www.youtube.com\/user\/limbostarr"]}]}},"jetpack_sharing_enabled":true,"_links":{"self":[{"href":"https:\/\/limbostarr.com\/web\/wp-json\/wp\/v2\/product\/26275","targetHints":{"allow":["GET"]}}],"collection":[{"href":"https:\/\/limbostarr.com\/web\/wp-json\/wp\/v2\/product"}],"about":[{"href":"https:\/\/limbostarr.com\/web\/wp-json\/wp\/v2\/types\/product"}],"wp:featuredmedia":[{"embeddable":true,"href":"https:\/\/limbostarr.com\/web\/wp-json\/wp\/v2\/media\/26265"}],"wp:attachment":[{"href":"https:\/\/limbostarr.com\/web\/wp-json\/wp\/v2\/media?parent=26275"}],"wp:term":[{"taxonomy":"product_brand","embeddable":true,"href":"https:\/\/limbostarr.com\/web\/wp-json\/wp\/v2\/product_brand?post=26275"},{"taxonomy":"product_cat","embeddable":true,"href":"https:\/\/limbostarr.com\/web\/wp-json\/wp\/v2\/product_cat?post=26275"},{"taxonomy":"product_tag","embeddable":true,"href":"https:\/\/limbostarr.com\/web\/wp-json\/wp\/v2\/product_tag?post=26275"}],"curies":[{"name":"wp","href":"https:\/\/api.w.org\/{rel}","templated":true}]}}