{"id":25316,"date":"2025-01-22T00:00:11","date_gmt":"2025-01-22T00:00:11","guid":{"rendered":"https:\/\/limbostarr.com\/web\/?post_type=product&#038;p=25316"},"modified":"2025-03-20T16:36:57","modified_gmt":"2025-03-20T16:36:57","slug":"biela-nuevas-emociones-vinilo","status":"publish","type":"product","link":"https:\/\/limbostarr.com\/web\/producto\/biela-nuevas-emociones-vinilo\/","title":{"rendered":"Biela \u00abNuevas Emociones\u00bb"},"content":{"rendered":"<div class=\"wpb-content-wrapper\"><p>[vc_row][vc_column width=\u00bb2\/3&#8243;][vc_column_text]<span style=\"color: #000000;\"><span style=\"text-decoration: underline;\">Publicaci\u00f3n \u00e1lbum digital:<\/span> 23 de enero 2025<\/span><br \/>\n<span style=\"color: #000000;\"><span style=\"text-decoration: underline;\">Publicaci\u00f3n LP en vinilo blanco:<\/span> 7 de febrero 2025<\/span><\/p>\n<p class=\"p1\"><span style=\"color: #000000;\"><b><i>Nuevas Emociones<\/i><\/b>, es el esperado segundo \u00e1lbum del tr\u00edo madrile\u00f1o <strong>Biela<\/strong>. Poco m\u00e1s de tres a\u00f1os despu\u00e9s de su debut con <a style=\"color: #000000;\" href=\"https:\/\/limbostarr.com\/web\/producto\/biela-un-dia-mas-vinilo-verde\/\"><b><i>Un d\u00eda m\u00e1s<\/i><\/b><\/a> (2021) y tras publicar solo un par de singles aislados, la banda regresa con 10 cortes que consolidan su \u00abpop del fuertecito\u00bb, llev\u00e1ndolo a nuevos territorios con un extra de contundencia y una mayor profundidad emocional.<\/span><\/p>\n<p class=\"p1\"><span style=\"color: #000000;\">El disco destaca por su capacidad para transmitir el c\u00famulo de pensamientos y sentimientos que nos habitan y transforman, reflejando la complejidad del paso a la edad adulta. Las letras, cargadas de honestidad, abordan cambios personales vividos por <strong>Alberto, Alex <\/strong>y<strong> David<\/strong> durante este tiempo: lanzarse a la piscina, adaptarse a los focos y su cara b, perder amores y amistades, recuperarlos\u2026 Siempre con un lenguaje directo que conecta de manera genuina con el oyente, lejos de met\u00e1foras grandilocuentes y abstracciones.<\/span><\/p>\n<p class=\"p1\"><span style=\"color: #000000;\">Musicalmente, <b><i>Nuevas Emociones<\/i><\/b> es s\u00f3lido de principio a fin, gracias a una contundente base r\u00edtmica de bater\u00eda y bajo, guitarras vibrantes y voces crudas que huyen de artificios. La producci\u00f3n, grabaci\u00f3n y mezcla de <strong>Santi Garc\u00eda <\/strong>en<strong> Ultramarinos Costa Brava<\/strong> refuerza este sonido, mientras que <strong>Pablo Qvilava<\/strong> (\u00abSi dejamos de hablar\u00bb, Track 5) y <strong>N\u00e9stor Sarabia<\/strong> (\u00abNo me hago a la idea\u00bb, Track 8) aportan frescura adicional en dos cortes clave.<\/span><\/p>\n<p class=\"p1\"><span style=\"color: #000000;\">El focus track del \u00e1lbum, \u00abMensajes Pendientes\u00bb, es pura esencia Biela: guitarras incisivas, una melod\u00eda inolvidable y una letra que explora el tiempo perdido y la dificultad de retomar lo que se ha dejado atr\u00e1s. Acompa\u00f1ado de la s\u00f3lida base r\u00edtmica de Alex y David y la voz llena de matices de Alberto, el tema encapsula a la perfecci\u00f3n el esp\u00edritu del disco.<\/span><\/p>\n<p class=\"p1\"><span style=\"color: #000000;\">Con tres adelantos ya publicados y la expectaci\u00f3n en aumento \u2013incluyendo un sold out en su presentaci\u00f3n en Madrid (Inverfest) un mes antes del evento\u2013, <b><i>Nuevas Emociones<\/i><\/b> confirma a Biela como una de las propuestas m\u00e1s interesantes de 2025. A nivel visual, el \u00e1lbum sube un gran escal\u00f3n bajo la direcci\u00f3n creativa de <strong>Pablo Alzaga<\/strong> (<a style=\"color: #000000;\" href=\"https:\/\/www.instagram.com\/pabloalzaga\/?hl=es\">@pabloalzaga<\/a>) y <strong>Lucas Criado (<\/strong><a style=\"color: #000000;\" href=\"https:\/\/www.instagram.com\/doncriado\/?hl=es\">@doncriado)<\/a>, reforzando el universo art\u00edstico del grupo.<\/span><\/p>\n<p class=\"p1\"><span style=\"color: #000000;\">Un \u00e1lbum que suena como ellos: reconocible al primer acorde, lleno de fuerza, honestidad y aristas que brillan en un espectro que va del hyperpop al rock m\u00e1s crudo.<\/span><\/p>\n<p>[\/vc_column_text][\/vc_column][vc_column width=\u00bb1\/3&#8243;][vc_column_text]<span style=\"color: #000000;\"><strong>Tracklist:<\/strong><\/span><\/p>\n<p><span style=\"color: #000000;\"><strong>Cara A<\/strong><\/span><br \/>\n<span style=\"color: #000000;\">1. Salir de aqu\u00ed<\/span><br \/>\n<span style=\"color: #000000;\">2 .El escenario<\/span><br \/>\n<span style=\"color: #000000;\">3. Mensajes Pendientes<\/span><br \/>\n<span style=\"color: #000000;\">4. Ya ni te echo de menos<\/span><br \/>\n<span style=\"color: #000000;\">5. Si dejamos de hablar<\/span><\/p>\n<p><span style=\"color: #000000;\"><strong>Cara B<\/strong><\/span><br \/>\n<span style=\"color: #000000;\">6. Cuatro hijos y una casa con jard\u00edn<\/span><br \/>\n<span style=\"color: #000000;\">7. Una vida nueva<\/span><br \/>\n<span style=\"color: #000000;\">8. No me hago a la idea<\/span><br \/>\n<span style=\"color: #000000;\">9. Mil preguntas<\/span><br \/>\n<span style=\"color: #000000;\">10. Pensando en ti<\/span>[\/vc_column_text][\/vc_column][\/vc_row][vc_row equal_height=\u00bb\u00bb shift_y=\u00bb0&#8243; z_index=\u00bb0&#8243;][vc_column][vc_single_image image=\u00bb25318&#8243; img_size=\u00bbfull\u00bb full_width=\u00bb\u00bb opacity=\u00bb100&#8243;][vc_row_inner][vc_column_inner width=\u00bb1\/2&#8243;][vc_video link=\u00bbhttps:\/\/www.youtube.com\/watch?v=FPe4UaW00Ms\u00bb][\/vc_column_inner][vc_column_inner width=\u00bb1\/2&#8243;][vc_video link=\u00bbhttps:\/\/www.youtube.com\/watch?v=6Ni52fyw13g\u00bb][\/vc_column_inner][\/vc_row_inner][\/vc_column][\/vc_row]<\/p>\n<\/div>","protected":false},"excerpt":{"rendered":"<p>Un \u00e1lbum que suena como ellos: reconocible al primer acorde, lleno de fuerza, honestidad y aristas que brillan en un espectro que va del hyperpop al rock m\u00e1s crudo.<\/p>\n<p><a href=\"https:\/\/orcd.co\/nuevas_emociones\">Link multiplataforma<\/a><\/p>\n","protected":false},"featured_media":25320,"template":"","meta":[],"product_brand":[],"product_cat":[248],"product_tag":[249],"class_list":{"0":"post-25316","1":"product","2":"type-product","3":"status-publish","4":"has-post-thumbnail","6":"product_cat-biela","7":"product_tag-biela","8":"entry","9":"clearfix","10":"entry-grid","11":"entry-columns-4","12":"entry-product-module-layout-sidebar-right","13":"thumbnail-color-tone-dark","14":"is-youtube","15":"entry-product","16":"entry-grid_modern_alt","17":"entry-product-grid_modern_alt","19":"first","20":"instock","21":"featured","22":"shipping-taxable","23":"purchasable","24":"product-type-simple"},"yoast_head":"<!-- This site is optimized with the Yoast SEO plugin v27.4 - https:\/\/yoast.com\/product\/yoast-seo-wordpress\/ -->\n<title>Biela Nuevas Emociones Vinilo<\/title>\n<meta name=\"description\" content=\"Biela Nuevas Emociones Vinilo: reconocible al primer acorde, con fuerza, honestidad y aristas que oscilan entre el hyperpop y el rock m\u00e1s crudo.\" \/>\n<meta name=\"robots\" content=\"index, follow, max-snippet:-1, max-image-preview:large, max-video-preview:-1\" \/>\n<link rel=\"canonical\" href=\"https:\/\/limbostarr.com\/web\/producto\/biela-nuevas-emociones-vinilo\/\" \/>\n<meta property=\"og:locale\" content=\"es_ES\" \/>\n<meta property=\"og:type\" content=\"article\" \/>\n<meta property=\"og:title\" content=\"Biela Nuevas Emociones Vinilo\" \/>\n<meta property=\"og:description\" content=\"Biela Nuevas Emociones Vinilo: reconocible al primer acorde, con fuerza, honestidad y aristas que oscilan entre el hyperpop y el rock m\u00e1s crudo.\" \/>\n<meta property=\"og:url\" content=\"https:\/\/limbostarr.com\/web\/producto\/biela-nuevas-emociones-vinilo\/\" \/>\n<meta property=\"og:site_name\" content=\"Limbo Starr\" \/>\n<meta property=\"article:publisher\" content=\"https:\/\/www.facebook.com\/limbostarrmad\" \/>\n<meta property=\"article:modified_time\" content=\"2025-03-20T16:36:57+00:00\" \/>\n<meta property=\"og:image\" content=\"https:\/\/limbostarr.com\/web\/wp-content\/uploads\/2025\/01\/Biela-Vinilo-Cover-Spotify-FINAL-2.webp\" \/>\n\t<meta property=\"og:image:width\" content=\"1000\" \/>\n\t<meta property=\"og:image:height\" content=\"1000\" \/>\n\t<meta property=\"og:image:type\" content=\"image\/webp\" \/>\n<meta name=\"twitter:card\" content=\"summary_large_image\" \/>\n<meta name=\"twitter:site\" content=\"@limbostarrmad\" \/>\n<meta name=\"twitter:label1\" content=\"Tiempo de lectura\" \/>\n\t<meta name=\"twitter:data1\" content=\"3 minutos\" \/>\n<script type=\"application\/ld+json\" class=\"yoast-schema-graph\">{\"@context\":\"https:\\\/\\\/schema.org\",\"@graph\":[{\"@type\":\"WebPage\",\"@id\":\"https:\\\/\\\/limbostarr.com\\\/web\\\/producto\\\/biela-nuevas-emociones-vinilo\\\/\",\"url\":\"https:\\\/\\\/limbostarr.com\\\/web\\\/producto\\\/biela-nuevas-emociones-vinilo\\\/\",\"name\":\"Biela Nuevas Emociones Vinilo\",\"isPartOf\":{\"@id\":\"https:\\\/\\\/limbostarr.com\\\/web\\\/#website\"},\"primaryImageOfPage\":{\"@id\":\"https:\\\/\\\/limbostarr.com\\\/web\\\/producto\\\/biela-nuevas-emociones-vinilo\\\/#primaryimage\"},\"image\":{\"@id\":\"https:\\\/\\\/limbostarr.com\\\/web\\\/producto\\\/biela-nuevas-emociones-vinilo\\\/#primaryimage\"},\"thumbnailUrl\":\"https:\\\/\\\/limbostarr.com\\\/web\\\/wp-content\\\/uploads\\\/2025\\\/01\\\/Biela-Vinilo-Cover-Spotify-FINAL-2.webp\",\"datePublished\":\"2025-01-22T00:00:11+00:00\",\"dateModified\":\"2025-03-20T16:36:57+00:00\",\"description\":\"Biela Nuevas Emociones Vinilo: reconocible al primer acorde, con fuerza, honestidad y aristas que oscilan entre el hyperpop y el rock m\u00e1s crudo.\",\"breadcrumb\":{\"@id\":\"https:\\\/\\\/limbostarr.com\\\/web\\\/producto\\\/biela-nuevas-emociones-vinilo\\\/#breadcrumb\"},\"inLanguage\":\"es\",\"potentialAction\":[{\"@type\":\"ReadAction\",\"target\":[\"https:\\\/\\\/limbostarr.com\\\/web\\\/producto\\\/biela-nuevas-emociones-vinilo\\\/\"]}]},{\"@type\":\"ImageObject\",\"inLanguage\":\"es\",\"@id\":\"https:\\\/\\\/limbostarr.com\\\/web\\\/producto\\\/biela-nuevas-emociones-vinilo\\\/#primaryimage\",\"url\":\"https:\\\/\\\/limbostarr.com\\\/web\\\/wp-content\\\/uploads\\\/2025\\\/01\\\/Biela-Vinilo-Cover-Spotify-FINAL-2.webp\",\"contentUrl\":\"https:\\\/\\\/limbostarr.com\\\/web\\\/wp-content\\\/uploads\\\/2025\\\/01\\\/Biela-Vinilo-Cover-Spotify-FINAL-2.webp\",\"width\":1000,\"height\":1000,\"caption\":\"Biela Nuevas Emociones Cover\"},{\"@type\":\"BreadcrumbList\",\"@id\":\"https:\\\/\\\/limbostarr.com\\\/web\\\/producto\\\/biela-nuevas-emociones-vinilo\\\/#breadcrumb\",\"itemListElement\":[{\"@type\":\"ListItem\",\"position\":1,\"name\":\"Portada\",\"item\":\"https:\\\/\\\/limbostarr.com\\\/web\\\/\"},{\"@type\":\"ListItem\",\"position\":2,\"name\":\"SHOP\",\"item\":\"https:\\\/\\\/limbostarr.com\\\/web\\\/tienda\\\/\"},{\"@type\":\"ListItem\",\"position\":3,\"name\":\"Biela \u00abNuevas Emociones\u00bb\"}]},{\"@type\":\"WebSite\",\"@id\":\"https:\\\/\\\/limbostarr.com\\\/web\\\/#website\",\"url\":\"https:\\\/\\\/limbostarr.com\\\/web\\\/\",\"name\":\"Limbo Starr\",\"description\":\"Sello discografico independiente\",\"publisher\":{\"@id\":\"https:\\\/\\\/limbostarr.com\\\/web\\\/#organization\"},\"potentialAction\":[{\"@type\":\"SearchAction\",\"target\":{\"@type\":\"EntryPoint\",\"urlTemplate\":\"https:\\\/\\\/limbostarr.com\\\/web\\\/?s={search_term_string}\"},\"query-input\":{\"@type\":\"PropertyValueSpecification\",\"valueRequired\":true,\"valueName\":\"search_term_string\"}}],\"inLanguage\":\"es\"},{\"@type\":\"Organization\",\"@id\":\"https:\\\/\\\/limbostarr.com\\\/web\\\/#organization\",\"name\":\"Limbo Starr\",\"url\":\"https:\\\/\\\/limbostarr.com\\\/web\\\/\",\"logo\":{\"@type\":\"ImageObject\",\"inLanguage\":\"es\",\"@id\":\"https:\\\/\\\/limbostarr.com\\\/web\\\/#\\\/schema\\\/logo\\\/image\\\/\",\"url\":\"https:\\\/\\\/limbostarr.com\\\/web\\\/wp-content\\\/uploads\\\/2016\\\/12\\\/logo-limbo-spotify.gif\",\"contentUrl\":\"https:\\\/\\\/limbostarr.com\\\/web\\\/wp-content\\\/uploads\\\/2016\\\/12\\\/logo-limbo-spotify.gif\",\"width\":500,\"height\":500,\"caption\":\"Limbo Starr\"},\"image\":{\"@id\":\"https:\\\/\\\/limbostarr.com\\\/web\\\/#\\\/schema\\\/logo\\\/image\\\/\"},\"sameAs\":[\"https:\\\/\\\/www.facebook.com\\\/limbostarrmad\",\"https:\\\/\\\/x.com\\\/limbostarrmad\",\"https:\\\/\\\/www.instagram.com\\\/limbostarr\\\/\",\"https:\\\/\\\/www.youtube.com\\\/user\\\/limbostarr\"]}]}<\/script>\n<!-- \/ Yoast SEO plugin. -->","yoast_head_json":{"title":"Biela Nuevas Emociones Vinilo","description":"Biela Nuevas Emociones Vinilo: reconocible al primer acorde, con fuerza, honestidad y aristas que oscilan entre el hyperpop y el rock m\u00e1s crudo.","robots":{"index":"index","follow":"follow","max-snippet":"max-snippet:-1","max-image-preview":"max-image-preview:large","max-video-preview":"max-video-preview:-1"},"canonical":"https:\/\/limbostarr.com\/web\/producto\/biela-nuevas-emociones-vinilo\/","og_locale":"es_ES","og_type":"article","og_title":"Biela Nuevas Emociones Vinilo","og_description":"Biela Nuevas Emociones Vinilo: reconocible al primer acorde, con fuerza, honestidad y aristas que oscilan entre el hyperpop y el rock m\u00e1s crudo.","og_url":"https:\/\/limbostarr.com\/web\/producto\/biela-nuevas-emociones-vinilo\/","og_site_name":"Limbo Starr","article_publisher":"https:\/\/www.facebook.com\/limbostarrmad","article_modified_time":"2025-03-20T16:36:57+00:00","og_image":[{"width":1000,"height":1000,"url":"https:\/\/limbostarr.com\/web\/wp-content\/uploads\/2025\/01\/Biela-Vinilo-Cover-Spotify-FINAL-2.webp","type":"image\/webp"}],"twitter_card":"summary_large_image","twitter_site":"@limbostarrmad","twitter_misc":{"Tiempo de lectura":"3 minutos"},"schema":{"@context":"https:\/\/schema.org","@graph":[{"@type":"WebPage","@id":"https:\/\/limbostarr.com\/web\/producto\/biela-nuevas-emociones-vinilo\/","url":"https:\/\/limbostarr.com\/web\/producto\/biela-nuevas-emociones-vinilo\/","name":"Biela Nuevas Emociones Vinilo","isPartOf":{"@id":"https:\/\/limbostarr.com\/web\/#website"},"primaryImageOfPage":{"@id":"https:\/\/limbostarr.com\/web\/producto\/biela-nuevas-emociones-vinilo\/#primaryimage"},"image":{"@id":"https:\/\/limbostarr.com\/web\/producto\/biela-nuevas-emociones-vinilo\/#primaryimage"},"thumbnailUrl":"https:\/\/limbostarr.com\/web\/wp-content\/uploads\/2025\/01\/Biela-Vinilo-Cover-Spotify-FINAL-2.webp","datePublished":"2025-01-22T00:00:11+00:00","dateModified":"2025-03-20T16:36:57+00:00","description":"Biela Nuevas Emociones Vinilo: reconocible al primer acorde, con fuerza, honestidad y aristas que oscilan entre el hyperpop y el rock m\u00e1s crudo.","breadcrumb":{"@id":"https:\/\/limbostarr.com\/web\/producto\/biela-nuevas-emociones-vinilo\/#breadcrumb"},"inLanguage":"es","potentialAction":[{"@type":"ReadAction","target":["https:\/\/limbostarr.com\/web\/producto\/biela-nuevas-emociones-vinilo\/"]}]},{"@type":"ImageObject","inLanguage":"es","@id":"https:\/\/limbostarr.com\/web\/producto\/biela-nuevas-emociones-vinilo\/#primaryimage","url":"https:\/\/limbostarr.com\/web\/wp-content\/uploads\/2025\/01\/Biela-Vinilo-Cover-Spotify-FINAL-2.webp","contentUrl":"https:\/\/limbostarr.com\/web\/wp-content\/uploads\/2025\/01\/Biela-Vinilo-Cover-Spotify-FINAL-2.webp","width":1000,"height":1000,"caption":"Biela Nuevas Emociones Cover"},{"@type":"BreadcrumbList","@id":"https:\/\/limbostarr.com\/web\/producto\/biela-nuevas-emociones-vinilo\/#breadcrumb","itemListElement":[{"@type":"ListItem","position":1,"name":"Portada","item":"https:\/\/limbostarr.com\/web\/"},{"@type":"ListItem","position":2,"name":"SHOP","item":"https:\/\/limbostarr.com\/web\/tienda\/"},{"@type":"ListItem","position":3,"name":"Biela \u00abNuevas Emociones\u00bb"}]},{"@type":"WebSite","@id":"https:\/\/limbostarr.com\/web\/#website","url":"https:\/\/limbostarr.com\/web\/","name":"Limbo Starr","description":"Sello discografico independiente","publisher":{"@id":"https:\/\/limbostarr.com\/web\/#organization"},"potentialAction":[{"@type":"SearchAction","target":{"@type":"EntryPoint","urlTemplate":"https:\/\/limbostarr.com\/web\/?s={search_term_string}"},"query-input":{"@type":"PropertyValueSpecification","valueRequired":true,"valueName":"search_term_string"}}],"inLanguage":"es"},{"@type":"Organization","@id":"https:\/\/limbostarr.com\/web\/#organization","name":"Limbo Starr","url":"https:\/\/limbostarr.com\/web\/","logo":{"@type":"ImageObject","inLanguage":"es","@id":"https:\/\/limbostarr.com\/web\/#\/schema\/logo\/image\/","url":"https:\/\/limbostarr.com\/web\/wp-content\/uploads\/2016\/12\/logo-limbo-spotify.gif","contentUrl":"https:\/\/limbostarr.com\/web\/wp-content\/uploads\/2016\/12\/logo-limbo-spotify.gif","width":500,"height":500,"caption":"Limbo Starr"},"image":{"@id":"https:\/\/limbostarr.com\/web\/#\/schema\/logo\/image\/"},"sameAs":["https:\/\/www.facebook.com\/limbostarrmad","https:\/\/x.com\/limbostarrmad","https:\/\/www.instagram.com\/limbostarr\/","https:\/\/www.youtube.com\/user\/limbostarr"]}]}},"jetpack_sharing_enabled":true,"_links":{"self":[{"href":"https:\/\/limbostarr.com\/web\/wp-json\/wp\/v2\/product\/25316","targetHints":{"allow":["GET"]}}],"collection":[{"href":"https:\/\/limbostarr.com\/web\/wp-json\/wp\/v2\/product"}],"about":[{"href":"https:\/\/limbostarr.com\/web\/wp-json\/wp\/v2\/types\/product"}],"wp:featuredmedia":[{"embeddable":true,"href":"https:\/\/limbostarr.com\/web\/wp-json\/wp\/v2\/media\/25320"}],"wp:attachment":[{"href":"https:\/\/limbostarr.com\/web\/wp-json\/wp\/v2\/media?parent=25316"}],"wp:term":[{"taxonomy":"product_brand","embeddable":true,"href":"https:\/\/limbostarr.com\/web\/wp-json\/wp\/v2\/product_brand?post=25316"},{"taxonomy":"product_cat","embeddable":true,"href":"https:\/\/limbostarr.com\/web\/wp-json\/wp\/v2\/product_cat?post=25316"},{"taxonomy":"product_tag","embeddable":true,"href":"https:\/\/limbostarr.com\/web\/wp-json\/wp\/v2\/product_tag?post=25316"}],"curies":[{"name":"wp","href":"https:\/\/api.w.org\/{rel}","templated":true}]}}