{"id":24784,"date":"2024-11-04T15:38:09","date_gmt":"2024-11-04T15:38:09","guid":{"rendered":"https:\/\/limbostarr.com\/web\/?post_type=product&#038;p=24784"},"modified":"2025-03-18T11:42:27","modified_gmt":"2025-03-18T11:42:27","slug":"vinilo-album-negro-maga","status":"publish","type":"product","link":"https:\/\/limbostarr.com\/web\/producto\/vinilo-album-negro-maga\/","title":{"rendered":"Vinilo \u00e1lbum negro Maga"},"content":{"rendered":"<div class=\"wpb-content-wrapper\"><p>[vc_row][vc_column width=\u00bb2\/3&#8243;][vc_column_text]<span style=\"color: #000000;\">Fecha de publicaci\u00f3n vinilo: 15 noviembre, 2024<\/span><\/p>\n<p><span style=\"color: #000000;\">La edici\u00f3n conmemorativa por el XX aniversario del \u00ab<strong>\u00e1lbum negro<\/strong>\u00bb de <a href=\"https:\/\/limbostarr.com\/web\/artist\/maga\/\">Maga<\/a> -publicado ahora por primera vez en vinilo-, pone en perspectiva la profundidad y belleza del trabajo que sigui\u00f3 a su celebrado e influyente debut, el llamado \u00ab\u00e1lbum blanco\u00bb. Creado desde el coraz\u00f3n, c\u00e1lido, oscuro y profundamente introspectivo, en \u00e9l se adentraron en el simbolismo y la ambig\u00fcedad, invitando al oyente a explorar la complejidad de las emociones y su significado. M\u00e1s abstracto, po\u00e9tico y complejo que su predecesor, su l\u00edrica invita a la reflexi\u00f3n, permitiendo m\u00faltiples interpretaciones. En lo musical se distingue por su rica instrumentaci\u00f3n y estructuras barrocas, ofreciendo una experiencia sonora envolvente y compleja que invita a la inmersi\u00f3n.\u00a0<\/span><\/p>\n<p><span style=\"color: #000000;\">Aut\u00e9nticos pioneros, su influencia y el impacto de sus primeras obras sigue latente tanto en sus seguidores, como en la m\u00fasica de grupos fans manifiestos como Love of Lesbian, Dorian, Zahara o Ivan Ferreiro -quien incorpor\u00f3 a su repertorio una de las canciones de los sevillanos-, adem\u00e1s de toda una estela de combos de pop con tintes electr\u00f3nicos y vocaci\u00f3n popular.<\/span><\/p>\n<p><span style=\"color: #000000;\">El segundo \u00e1lbum de Maga fue editado en formato CD en 2004, despu\u00e9s de un largo proceso marcado por la experimentaci\u00f3n y la b\u00fasqueda. <span lang=\"ES\">Producido por el grupo junto\u00a0<strong>J<\/strong><b>ordi Gil\u00a0<\/b>y grabado en el estudio Sputnik de Sevilla.<\/span><\/span>[\/vc_column_text][wvc_audio_embed link=\u00bbhttps:\/\/open.spotify.com\/album\/61lSWUFmRtLmjWLRq3Ab3m\u00bb][\/vc_column][vc_column width=\u00bb1\/3&#8243;][vc_column_text]<strong>Tracklist:<\/strong><\/p>\n<p><strong>Cara A<\/strong><br \/>\n1. Astrolabios (intro)<br \/>\n3. Un Lugar encendido<br \/>\n4. Blanco sobre blanco<br \/>\n5. T\u00e1ctica en la Sombra<br \/>\n6. Azul cabeza abajo<\/p>\n<p><strong>Cara B<\/strong><br \/>\n7. Cat\u00e1logo de esferas<br \/>\n8. Elka<br \/>\n9. Crujidos de reloj\u00a0 1<br \/>\n0. El ojo espejo<br \/>\n11. Sin manos[\/vc_column_text][\/vc_column][\/vc_row]<\/p>\n<\/div>","protected":false},"excerpt":{"rendered":"<p><span style=\"color: #000000;\">Por primera vez en vinilo, el emblem\u00e1tico \u00ab\u00c1lbum Negro\u00bb de Maga celebra su XX aniversario. M\u00e1s abstracto y complejo que su predecesor, este trabajo de 2004 combina l\u00edricas po\u00e9ticas, simbolismo y una instrumentaci\u00f3n rica, consolidando su influencia en la m\u00fasica espa\u00f1ola.<\/span><\/p>\n<p><a href=\"https:\/\/orcd.co\/ajroavb\"><span style=\"color: #000000;\">Link Multiplataforma<\/span><\/a><\/p>\n","protected":false},"featured_media":24785,"template":"","meta":[],"product_brand":[],"product_cat":[226],"product_tag":[227],"class_list":{"0":"post-24784","1":"product","2":"type-product","3":"status-publish","4":"has-post-thumbnail","6":"product_cat-maga","7":"product_tag-maga","8":"entry","9":"clearfix","10":"entry-grid","11":"entry-columns-4","12":"entry-product-module-layout-sidebar-right","13":"thumbnail-color-tone-dark","14":"is-wvc-audio-embed","15":"has-audio-player","16":"entry-product","17":"entry-grid_modern_alt","18":"entry-product-grid_modern_alt","20":"first","21":"instock","22":"featured","23":"shipping-taxable","24":"purchasable","25":"product-type-simple"},"yoast_head":"<!-- This site is optimized with the Yoast SEO plugin v27.4 - https:\/\/yoast.com\/product\/yoast-seo-wordpress\/ -->\n<title>Vinilo \u00e1lbum negro Maga<\/title>\n<meta name=\"description\" content=\"Ya disponible en vinilo el &quot;\u00e1lbum negro&quot; de Maga XX Aniversario (2004-2024). Creado desde el coraz\u00f3n, c\u00e1lido, oscuro y profundamente introspectivo.\" \/>\n<meta name=\"robots\" content=\"index, follow, max-snippet:-1, max-image-preview:large, max-video-preview:-1\" \/>\n<link rel=\"canonical\" href=\"https:\/\/limbostarr.com\/web\/producto\/maga-negro-vinilo\/\" \/>\n<meta property=\"og:locale\" content=\"es_ES\" \/>\n<meta property=\"og:type\" content=\"article\" \/>\n<meta property=\"og:title\" content=\"Vinilo \u00e1lbum negro Maga\" \/>\n<meta property=\"og:description\" content=\"Ya disponible en vinilo el &quot;\u00e1lbum negro&quot; de Maga XX Aniversario (2004-2024). Creado desde el coraz\u00f3n, c\u00e1lido, oscuro y profundamente introspectivo.\" \/>\n<meta property=\"og:url\" content=\"https:\/\/limbostarr.com\/web\/producto\/maga-negro-vinilo\/\" \/>\n<meta property=\"og:site_name\" content=\"Limbo Starr\" \/>\n<meta property=\"article:publisher\" content=\"https:\/\/www.facebook.com\/limbostarrmad\" \/>\n<meta property=\"article:modified_time\" content=\"2025-03-18T11:42:27+00:00\" \/>\n<meta property=\"og:image\" content=\"https:\/\/limbostarr.com\/web\/wp-content\/uploads\/2024\/11\/portada-maga-negro.webp\" \/>\n\t<meta property=\"og:image:width\" content=\"1000\" \/>\n\t<meta property=\"og:image:height\" content=\"1000\" \/>\n\t<meta property=\"og:image:type\" content=\"image\/webp\" \/>\n<meta name=\"twitter:card\" content=\"summary_large_image\" \/>\n<meta name=\"twitter:site\" content=\"@limbostarrmad\" \/>\n<meta name=\"twitter:label1\" content=\"Tiempo de lectura\" \/>\n\t<meta name=\"twitter:data1\" content=\"2 minutos\" \/>\n<script type=\"application\/ld+json\" class=\"yoast-schema-graph\">{\"@context\":\"https:\\\/\\\/schema.org\",\"@graph\":[{\"@type\":\"WebPage\",\"@id\":\"https:\\\/\\\/limbostarr.com\\\/web\\\/producto\\\/vinilo-album-negro-maga\\\/\",\"url\":\"https:\\\/\\\/limbostarr.com\\\/web\\\/producto\\\/maga-negro-vinilo\\\/\",\"name\":\"Vinilo \u00e1lbum negro Maga\",\"isPartOf\":{\"@id\":\"https:\\\/\\\/limbostarr.com\\\/web\\\/#website\"},\"primaryImageOfPage\":{\"@id\":\"https:\\\/\\\/limbostarr.com\\\/web\\\/producto\\\/maga-negro-vinilo\\\/#primaryimage\"},\"image\":{\"@id\":\"https:\\\/\\\/limbostarr.com\\\/web\\\/producto\\\/maga-negro-vinilo\\\/#primaryimage\"},\"thumbnailUrl\":\"https:\\\/\\\/limbostarr.com\\\/web\\\/wp-content\\\/uploads\\\/2024\\\/11\\\/portada-maga-negro.webp\",\"datePublished\":\"2024-11-04T15:38:09+00:00\",\"dateModified\":\"2025-03-18T11:42:27+00:00\",\"description\":\"Ya disponible en vinilo el \\\"\u00e1lbum negro\\\" de Maga XX Aniversario (2004-2024). Creado desde el coraz\u00f3n, c\u00e1lido, oscuro y profundamente introspectivo.\",\"breadcrumb\":{\"@id\":\"https:\\\/\\\/limbostarr.com\\\/web\\\/producto\\\/maga-negro-vinilo\\\/#breadcrumb\"},\"inLanguage\":\"es\",\"potentialAction\":[{\"@type\":\"ReadAction\",\"target\":[\"https:\\\/\\\/limbostarr.com\\\/web\\\/producto\\\/maga-negro-vinilo\\\/\"]}]},{\"@type\":\"ImageObject\",\"inLanguage\":\"es\",\"@id\":\"https:\\\/\\\/limbostarr.com\\\/web\\\/producto\\\/maga-negro-vinilo\\\/#primaryimage\",\"url\":\"https:\\\/\\\/limbostarr.com\\\/web\\\/wp-content\\\/uploads\\\/2024\\\/11\\\/portada-maga-negro.webp\",\"contentUrl\":\"https:\\\/\\\/limbostarr.com\\\/web\\\/wp-content\\\/uploads\\\/2024\\\/11\\\/portada-maga-negro.webp\",\"width\":1000,\"height\":1000,\"caption\":\"Portada Maga Negro\"},{\"@type\":\"BreadcrumbList\",\"@id\":\"https:\\\/\\\/limbostarr.com\\\/web\\\/producto\\\/maga-negro-vinilo\\\/#breadcrumb\",\"itemListElement\":[{\"@type\":\"ListItem\",\"position\":1,\"name\":\"Portada\",\"item\":\"https:\\\/\\\/limbostarr.com\\\/web\\\/\"},{\"@type\":\"ListItem\",\"position\":2,\"name\":\"SHOP\",\"item\":\"https:\\\/\\\/limbostarr.com\\\/web\\\/tienda\\\/\"},{\"@type\":\"ListItem\",\"position\":3,\"name\":\"Vinilo \u00e1lbum negro Maga\"}]},{\"@type\":\"WebSite\",\"@id\":\"https:\\\/\\\/limbostarr.com\\\/web\\\/#website\",\"url\":\"https:\\\/\\\/limbostarr.com\\\/web\\\/\",\"name\":\"Limbo Starr\",\"description\":\"Sello discografico independiente\",\"publisher\":{\"@id\":\"https:\\\/\\\/limbostarr.com\\\/web\\\/#organization\"},\"potentialAction\":[{\"@type\":\"SearchAction\",\"target\":{\"@type\":\"EntryPoint\",\"urlTemplate\":\"https:\\\/\\\/limbostarr.com\\\/web\\\/?s={search_term_string}\"},\"query-input\":{\"@type\":\"PropertyValueSpecification\",\"valueRequired\":true,\"valueName\":\"search_term_string\"}}],\"inLanguage\":\"es\"},{\"@type\":\"Organization\",\"@id\":\"https:\\\/\\\/limbostarr.com\\\/web\\\/#organization\",\"name\":\"Limbo Starr\",\"url\":\"https:\\\/\\\/limbostarr.com\\\/web\\\/\",\"logo\":{\"@type\":\"ImageObject\",\"inLanguage\":\"es\",\"@id\":\"https:\\\/\\\/limbostarr.com\\\/web\\\/#\\\/schema\\\/logo\\\/image\\\/\",\"url\":\"https:\\\/\\\/limbostarr.com\\\/web\\\/wp-content\\\/uploads\\\/2016\\\/12\\\/logo-limbo-spotify.gif\",\"contentUrl\":\"https:\\\/\\\/limbostarr.com\\\/web\\\/wp-content\\\/uploads\\\/2016\\\/12\\\/logo-limbo-spotify.gif\",\"width\":500,\"height\":500,\"caption\":\"Limbo Starr\"},\"image\":{\"@id\":\"https:\\\/\\\/limbostarr.com\\\/web\\\/#\\\/schema\\\/logo\\\/image\\\/\"},\"sameAs\":[\"https:\\\/\\\/www.facebook.com\\\/limbostarrmad\",\"https:\\\/\\\/x.com\\\/limbostarrmad\",\"https:\\\/\\\/www.instagram.com\\\/limbostarr\\\/\",\"https:\\\/\\\/www.youtube.com\\\/user\\\/limbostarr\"]}]}<\/script>\n<!-- \/ Yoast SEO plugin. -->","yoast_head_json":{"title":"Vinilo \u00e1lbum negro Maga","description":"Ya disponible en vinilo el \"\u00e1lbum negro\" de Maga XX Aniversario (2004-2024). Creado desde el coraz\u00f3n, c\u00e1lido, oscuro y profundamente introspectivo.","robots":{"index":"index","follow":"follow","max-snippet":"max-snippet:-1","max-image-preview":"max-image-preview:large","max-video-preview":"max-video-preview:-1"},"canonical":"https:\/\/limbostarr.com\/web\/producto\/maga-negro-vinilo\/","og_locale":"es_ES","og_type":"article","og_title":"Vinilo \u00e1lbum negro Maga","og_description":"Ya disponible en vinilo el \"\u00e1lbum negro\" de Maga XX Aniversario (2004-2024). Creado desde el coraz\u00f3n, c\u00e1lido, oscuro y profundamente introspectivo.","og_url":"https:\/\/limbostarr.com\/web\/producto\/maga-negro-vinilo\/","og_site_name":"Limbo Starr","article_publisher":"https:\/\/www.facebook.com\/limbostarrmad","article_modified_time":"2025-03-18T11:42:27+00:00","og_image":[{"width":1000,"height":1000,"url":"https:\/\/limbostarr.com\/web\/wp-content\/uploads\/2024\/11\/portada-maga-negro.webp","type":"image\/webp"}],"twitter_card":"summary_large_image","twitter_site":"@limbostarrmad","twitter_misc":{"Tiempo de lectura":"2 minutos"},"schema":{"@context":"https:\/\/schema.org","@graph":[{"@type":"WebPage","@id":"https:\/\/limbostarr.com\/web\/producto\/vinilo-album-negro-maga\/","url":"https:\/\/limbostarr.com\/web\/producto\/maga-negro-vinilo\/","name":"Vinilo \u00e1lbum negro Maga","isPartOf":{"@id":"https:\/\/limbostarr.com\/web\/#website"},"primaryImageOfPage":{"@id":"https:\/\/limbostarr.com\/web\/producto\/maga-negro-vinilo\/#primaryimage"},"image":{"@id":"https:\/\/limbostarr.com\/web\/producto\/maga-negro-vinilo\/#primaryimage"},"thumbnailUrl":"https:\/\/limbostarr.com\/web\/wp-content\/uploads\/2024\/11\/portada-maga-negro.webp","datePublished":"2024-11-04T15:38:09+00:00","dateModified":"2025-03-18T11:42:27+00:00","description":"Ya disponible en vinilo el \"\u00e1lbum negro\" de Maga XX Aniversario (2004-2024). Creado desde el coraz\u00f3n, c\u00e1lido, oscuro y profundamente introspectivo.","breadcrumb":{"@id":"https:\/\/limbostarr.com\/web\/producto\/maga-negro-vinilo\/#breadcrumb"},"inLanguage":"es","potentialAction":[{"@type":"ReadAction","target":["https:\/\/limbostarr.com\/web\/producto\/maga-negro-vinilo\/"]}]},{"@type":"ImageObject","inLanguage":"es","@id":"https:\/\/limbostarr.com\/web\/producto\/maga-negro-vinilo\/#primaryimage","url":"https:\/\/limbostarr.com\/web\/wp-content\/uploads\/2024\/11\/portada-maga-negro.webp","contentUrl":"https:\/\/limbostarr.com\/web\/wp-content\/uploads\/2024\/11\/portada-maga-negro.webp","width":1000,"height":1000,"caption":"Portada Maga Negro"},{"@type":"BreadcrumbList","@id":"https:\/\/limbostarr.com\/web\/producto\/maga-negro-vinilo\/#breadcrumb","itemListElement":[{"@type":"ListItem","position":1,"name":"Portada","item":"https:\/\/limbostarr.com\/web\/"},{"@type":"ListItem","position":2,"name":"SHOP","item":"https:\/\/limbostarr.com\/web\/tienda\/"},{"@type":"ListItem","position":3,"name":"Vinilo \u00e1lbum negro Maga"}]},{"@type":"WebSite","@id":"https:\/\/limbostarr.com\/web\/#website","url":"https:\/\/limbostarr.com\/web\/","name":"Limbo Starr","description":"Sello discografico independiente","publisher":{"@id":"https:\/\/limbostarr.com\/web\/#organization"},"potentialAction":[{"@type":"SearchAction","target":{"@type":"EntryPoint","urlTemplate":"https:\/\/limbostarr.com\/web\/?s={search_term_string}"},"query-input":{"@type":"PropertyValueSpecification","valueRequired":true,"valueName":"search_term_string"}}],"inLanguage":"es"},{"@type":"Organization","@id":"https:\/\/limbostarr.com\/web\/#organization","name":"Limbo Starr","url":"https:\/\/limbostarr.com\/web\/","logo":{"@type":"ImageObject","inLanguage":"es","@id":"https:\/\/limbostarr.com\/web\/#\/schema\/logo\/image\/","url":"https:\/\/limbostarr.com\/web\/wp-content\/uploads\/2016\/12\/logo-limbo-spotify.gif","contentUrl":"https:\/\/limbostarr.com\/web\/wp-content\/uploads\/2016\/12\/logo-limbo-spotify.gif","width":500,"height":500,"caption":"Limbo Starr"},"image":{"@id":"https:\/\/limbostarr.com\/web\/#\/schema\/logo\/image\/"},"sameAs":["https:\/\/www.facebook.com\/limbostarrmad","https:\/\/x.com\/limbostarrmad","https:\/\/www.instagram.com\/limbostarr\/","https:\/\/www.youtube.com\/user\/limbostarr"]}]}},"jetpack_sharing_enabled":true,"_links":{"self":[{"href":"https:\/\/limbostarr.com\/web\/wp-json\/wp\/v2\/product\/24784","targetHints":{"allow":["GET"]}}],"collection":[{"href":"https:\/\/limbostarr.com\/web\/wp-json\/wp\/v2\/product"}],"about":[{"href":"https:\/\/limbostarr.com\/web\/wp-json\/wp\/v2\/types\/product"}],"wp:featuredmedia":[{"embeddable":true,"href":"https:\/\/limbostarr.com\/web\/wp-json\/wp\/v2\/media\/24785"}],"wp:attachment":[{"href":"https:\/\/limbostarr.com\/web\/wp-json\/wp\/v2\/media?parent=24784"}],"wp:term":[{"taxonomy":"product_brand","embeddable":true,"href":"https:\/\/limbostarr.com\/web\/wp-json\/wp\/v2\/product_brand?post=24784"},{"taxonomy":"product_cat","embeddable":true,"href":"https:\/\/limbostarr.com\/web\/wp-json\/wp\/v2\/product_cat?post=24784"},{"taxonomy":"product_tag","embeddable":true,"href":"https:\/\/limbostarr.com\/web\/wp-json\/wp\/v2\/product_tag?post=24784"}],"curies":[{"name":"wp","href":"https:\/\/api.w.org\/{rel}","templated":true}]}}