{"id":20250,"date":"2018-10-21T15:42:11","date_gmt":"2018-10-21T15:42:11","guid":{"rendered":"https:\/\/limbostarr.com\/web\/?post_type=product&#038;p=20250"},"modified":"2024-01-06T15:48:54","modified_gmt":"2024-01-06T15:48:54","slug":"cuchillo-cuchillo-lp-de-vinilo","status":"publish","type":"product","link":"https:\/\/limbostarr.com\/web\/producto\/cuchillo-cuchillo-lp-de-vinilo\/","title":{"rendered":"Cuchillo \u00abCuchillo\u00bb LP de vinilo"},"content":{"rendered":"<div class=\"wpb-content-wrapper\"><p>[vc_row][vc_column][vc_column_text]Mejor \u00e1lbum nacional de 2008 &#8211; Go Mag.<br \/>\nMejor debut nacional de 2008 &#8211; Muzikalia<br \/>\n4\u00ba mejor disco nacional del a\u00f1o &#8211; Heineken.es<br \/>\n4\u00ba mejor \u00e1lbum nacional de 2008 &#8211; Tucson Weekly Magazine<br \/>\n8\u00ba mejor disco nacional de 2008 &#8211; Rockdelux[\/vc_column_text][vc_column_text]<\/p>\n<div class=\"page\" title=\"Page 1\">\n<div class=\"section\">\n<div class=\"layoutArea\">\n<div class=\"column\"><span style=\"color: #000000;\">Primer disco de Cuchillo, publicado por Sinnamon Records en enero de 2008.<\/span><\/div>\n<\/div>\n<\/div>\n<\/div>\n<p>[\/vc_column_text][vc_custom_heading text=\u00bbTracklist\u00bb font_size=\u00bb30&#8243; responsive=\u00bbyes\u00bb min_font_size=\u00bb18&#8243; font_weight=\u00bb700&#8243;][vc_column_text]<span style=\"color: #000000;\">1. <span class=\"track-title\">Come With Me<\/span> &#8211; 2. <span class=\"track-title\">Summertime in Sweden<\/span> &#8211; 3. <span class=\"track-title\">It Will Be Ok<\/span> &#8211; 4. <span class=\"track-title\">Estricta Libertad<\/span> &#8211; 5. <span class=\"track-title\">Breathing Again<\/span> &#8211; 6. <span class=\"track-title\">The House<\/span> &#8211; 7. <span class=\"track-title\">Grauen<\/span> &#8211; 8. <span class=\"track-title\">Cuando Te Canto<\/span> &#8211; 9. <span class=\"track-title\">To Come Back<\/span> &#8211; 10. <span class=\"track-title\">Behind &#8211; 11. Black &amp; White Numbers<\/span><\/span>[\/vc_column_text][vc_video link=\u00bbhttps:\/\/www.dailymotion.com\/video\/x7ltjk\u00bb][wvc_audio_embed link=\u00bbhttps:\/\/open.spotify.com\/album\/1p275fP8jRLGtlW7QkFFRd\u00bb][\/vc_column][\/vc_row]<\/p>\n<\/div>","protected":false},"excerpt":{"rendered":"<p>[vc_row][vc_column][vc_column_text]Mejor \u00e1lbum nacional de 2008 &#8211; Go Mag. Mejor debut nacional de 2008 &#8211; Muzikalia 4\u00ba mejor disco nacional del a\u00f1o &#8211; Heineken.es 4\u00ba mejor \u00e1lbum nacional de 2008 &#8211; Tucson Weekly Magazine 8\u00ba mejor disco nacional de 2008 &#8211; Rockdelux[\/vc_column_text][vc_column_text] Primer disco de Cuchillo, publicado por Sinnamon Records en enero de 2008. [\/vc_column_text][vc_custom_heading text=\u00bbTracklist\u00bb&#8230;<\/p>\n<p><a rel=\"bookmark\" class=\"loud_button_alt wvc-button wvc-button-size-xs\" href=\"https:\/\/limbostarr.com\/web\/producto\/cuchillo-cuchillo-lp-de-vinilo\/\"><span>Seguir leyendo<\/span><\/a><\/p>\n","protected":false},"featured_media":20253,"template":"","meta":[],"product_brand":[],"product_cat":[260],"product_tag":[261],"class_list":{"0":"post-20250","1":"product","2":"type-product","3":"status-publish","4":"has-post-thumbnail","6":"product_cat-cuchillo","7":"product_tag-cuchillo","8":"entry","9":"clearfix","10":"entry-grid","11":"entry-columns-4","12":"entry-product-module-layout-sidebar-right","13":"thumbnail-color-tone-dark","14":"is-wvc-audio-embed","15":"has-audio-player","16":"entry-product","17":"entry-grid_modern_alt","18":"entry-product-grid_modern_alt","20":"first","21":"instock","22":"shipping-taxable","23":"purchasable","24":"product-type-simple"},"yoast_head":"<!-- This site is optimized with the Yoast SEO plugin v27.4 - https:\/\/yoast.com\/product\/yoast-seo-wordpress\/ -->\n<title>Cuchillo - Encanto<\/title>\n<meta name=\"description\" content=\"Primer \u00e1lbum de Cuchillo publicado por Sinnamon Records en 2008.\" \/>\n<meta name=\"robots\" content=\"index, follow, max-snippet:-1, max-image-preview:large, max-video-preview:-1\" \/>\n<link rel=\"canonical\" href=\"https:\/\/limbostarr.com\/web\/producto\/cuchillo-cuchillo-lp-de-vinilo\/\" \/>\n<meta property=\"og:locale\" content=\"es_ES\" \/>\n<meta property=\"og:type\" content=\"article\" \/>\n<meta property=\"og:title\" content=\"Calle para siempre, segundo \u00e1lbum de Camellos\" \/>\n<meta property=\"og:description\" content=\"Calle para siempre es el segundo \u00e1lbum de Camellos. Publicaci\u00f3n el 29 de noviembre de 2019. Este es el tracklist: 1. Intro - 2. Mazo - 3. Arroz con cosas - 4. Pesadilla en el hotel - 5. Healthy - 6. Tentaciones - 7. Sabor a cobre - 8. Mudanza - 9. Tarde de cine - 10. Lo100to - 11. Para ya - 12. Vaya a la c\u00e1rcel - 13. Es tan 2020\" \/>\n<meta property=\"og:url\" content=\"https:\/\/limbostarr.com\/web\/producto\/cuchillo-cuchillo-lp-de-vinilo\/\" \/>\n<meta property=\"og:site_name\" content=\"Limbo Starr\" \/>\n<meta property=\"article:publisher\" content=\"https:\/\/www.facebook.com\/limbostarrmad\" \/>\n<meta property=\"article:modified_time\" content=\"2024-01-06T15:48:54+00:00\" \/>\n<meta property=\"og:image\" content=\"https:\/\/limbostarr.com\/web\/wp-content\/uploads\/2019\/11\/CAMELLOS_CALLE_PARA_SIEMPRE-scaled.jpg\" \/>\n\t<meta property=\"og:image:width\" content=\"1240\" \/>\n\t<meta property=\"og:image:height\" content=\"1253\" \/>\n\t<meta property=\"og:image:type\" content=\"image\/jpeg\" \/>\n<meta name=\"twitter:card\" content=\"summary_large_image\" \/>\n<meta name=\"twitter:site\" content=\"@limbostarrmad\" \/>\n<meta name=\"twitter:label1\" content=\"Tiempo de lectura\" \/>\n\t<meta name=\"twitter:data1\" content=\"1 minuto\" \/>\n<script type=\"application\/ld+json\" class=\"yoast-schema-graph\">{\"@context\":\"https:\\\/\\\/schema.org\",\"@graph\":[{\"@type\":\"WebPage\",\"@id\":\"https:\\\/\\\/limbostarr.com\\\/web\\\/producto\\\/cuchillo-cuchillo-lp-de-vinilo\\\/\",\"url\":\"https:\\\/\\\/limbostarr.com\\\/web\\\/producto\\\/cuchillo-cuchillo-lp-de-vinilo\\\/\",\"name\":\"Cuchillo - Encanto\",\"isPartOf\":{\"@id\":\"https:\\\/\\\/limbostarr.com\\\/web\\\/#website\"},\"primaryImageOfPage\":{\"@id\":\"https:\\\/\\\/limbostarr.com\\\/web\\\/producto\\\/cuchillo-cuchillo-lp-de-vinilo\\\/#primaryimage\"},\"image\":{\"@id\":\"https:\\\/\\\/limbostarr.com\\\/web\\\/producto\\\/cuchillo-cuchillo-lp-de-vinilo\\\/#primaryimage\"},\"thumbnailUrl\":\"https:\\\/\\\/limbostarr.com\\\/web\\\/wp-content\\\/uploads\\\/2021\\\/10\\\/a3349721973_10.jpg\",\"datePublished\":\"2018-10-21T15:42:11+00:00\",\"dateModified\":\"2024-01-06T15:48:54+00:00\",\"description\":\"Primer \u00e1lbum de Cuchillo publicado por Sinnamon Records en 2008.\",\"breadcrumb\":{\"@id\":\"https:\\\/\\\/limbostarr.com\\\/web\\\/producto\\\/cuchillo-cuchillo-lp-de-vinilo\\\/#breadcrumb\"},\"inLanguage\":\"es\",\"potentialAction\":[{\"@type\":\"ReadAction\",\"target\":[\"https:\\\/\\\/limbostarr.com\\\/web\\\/producto\\\/cuchillo-cuchillo-lp-de-vinilo\\\/\"]}]},{\"@type\":\"ImageObject\",\"inLanguage\":\"es\",\"@id\":\"https:\\\/\\\/limbostarr.com\\\/web\\\/producto\\\/cuchillo-cuchillo-lp-de-vinilo\\\/#primaryimage\",\"url\":\"https:\\\/\\\/limbostarr.com\\\/web\\\/wp-content\\\/uploads\\\/2021\\\/10\\\/a3349721973_10.jpg\",\"contentUrl\":\"https:\\\/\\\/limbostarr.com\\\/web\\\/wp-content\\\/uploads\\\/2021\\\/10\\\/a3349721973_10.jpg\",\"width\":1200,\"height\":1137},{\"@type\":\"BreadcrumbList\",\"@id\":\"https:\\\/\\\/limbostarr.com\\\/web\\\/producto\\\/cuchillo-cuchillo-lp-de-vinilo\\\/#breadcrumb\",\"itemListElement\":[{\"@type\":\"ListItem\",\"position\":1,\"name\":\"Portada\",\"item\":\"https:\\\/\\\/limbostarr.com\\\/web\\\/\"},{\"@type\":\"ListItem\",\"position\":2,\"name\":\"SHOP\",\"item\":\"https:\\\/\\\/limbostarr.com\\\/web\\\/tienda\\\/\"},{\"@type\":\"ListItem\",\"position\":3,\"name\":\"Cuchillo \u00abCuchillo\u00bb LP de vinilo\"}]},{\"@type\":\"WebSite\",\"@id\":\"https:\\\/\\\/limbostarr.com\\\/web\\\/#website\",\"url\":\"https:\\\/\\\/limbostarr.com\\\/web\\\/\",\"name\":\"Limbo Starr\",\"description\":\"Sello discografico independiente\",\"publisher\":{\"@id\":\"https:\\\/\\\/limbostarr.com\\\/web\\\/#organization\"},\"potentialAction\":[{\"@type\":\"SearchAction\",\"target\":{\"@type\":\"EntryPoint\",\"urlTemplate\":\"https:\\\/\\\/limbostarr.com\\\/web\\\/?s={search_term_string}\"},\"query-input\":{\"@type\":\"PropertyValueSpecification\",\"valueRequired\":true,\"valueName\":\"search_term_string\"}}],\"inLanguage\":\"es\"},{\"@type\":\"Organization\",\"@id\":\"https:\\\/\\\/limbostarr.com\\\/web\\\/#organization\",\"name\":\"Limbo Starr\",\"url\":\"https:\\\/\\\/limbostarr.com\\\/web\\\/\",\"logo\":{\"@type\":\"ImageObject\",\"inLanguage\":\"es\",\"@id\":\"https:\\\/\\\/limbostarr.com\\\/web\\\/#\\\/schema\\\/logo\\\/image\\\/\",\"url\":\"https:\\\/\\\/limbostarr.com\\\/web\\\/wp-content\\\/uploads\\\/2016\\\/12\\\/logo-limbo-spotify.gif\",\"contentUrl\":\"https:\\\/\\\/limbostarr.com\\\/web\\\/wp-content\\\/uploads\\\/2016\\\/12\\\/logo-limbo-spotify.gif\",\"width\":500,\"height\":500,\"caption\":\"Limbo Starr\"},\"image\":{\"@id\":\"https:\\\/\\\/limbostarr.com\\\/web\\\/#\\\/schema\\\/logo\\\/image\\\/\"},\"sameAs\":[\"https:\\\/\\\/www.facebook.com\\\/limbostarrmad\",\"https:\\\/\\\/x.com\\\/limbostarrmad\",\"https:\\\/\\\/www.instagram.com\\\/limbostarr\\\/\",\"https:\\\/\\\/www.youtube.com\\\/user\\\/limbostarr\"]}]}<\/script>\n<!-- \/ Yoast SEO plugin. -->","yoast_head_json":{"title":"Cuchillo - Encanto","description":"Primer \u00e1lbum de Cuchillo publicado por Sinnamon Records en 2008.","robots":{"index":"index","follow":"follow","max-snippet":"max-snippet:-1","max-image-preview":"max-image-preview:large","max-video-preview":"max-video-preview:-1"},"canonical":"https:\/\/limbostarr.com\/web\/producto\/cuchillo-cuchillo-lp-de-vinilo\/","og_locale":"es_ES","og_type":"article","og_title":"Calle para siempre, segundo \u00e1lbum de Camellos","og_description":"Calle para siempre es el segundo \u00e1lbum de Camellos. Publicaci\u00f3n el 29 de noviembre de 2019. Este es el tracklist: 1. Intro - 2. Mazo - 3. Arroz con cosas - 4. Pesadilla en el hotel - 5. Healthy - 6. Tentaciones - 7. Sabor a cobre - 8. Mudanza - 9. Tarde de cine - 10. Lo100to - 11. Para ya - 12. Vaya a la c\u00e1rcel - 13. Es tan 2020","og_url":"https:\/\/limbostarr.com\/web\/producto\/cuchillo-cuchillo-lp-de-vinilo\/","og_site_name":"Limbo Starr","article_publisher":"https:\/\/www.facebook.com\/limbostarrmad","article_modified_time":"2024-01-06T15:48:54+00:00","og_image":[{"width":1240,"height":1253,"url":"https:\/\/limbostarr.com\/web\/wp-content\/uploads\/2019\/11\/CAMELLOS_CALLE_PARA_SIEMPRE-scaled.jpg","type":"image\/jpeg"}],"twitter_card":"summary_large_image","twitter_site":"@limbostarrmad","twitter_misc":{"Tiempo de lectura":"1 minuto"},"schema":{"@context":"https:\/\/schema.org","@graph":[{"@type":"WebPage","@id":"https:\/\/limbostarr.com\/web\/producto\/cuchillo-cuchillo-lp-de-vinilo\/","url":"https:\/\/limbostarr.com\/web\/producto\/cuchillo-cuchillo-lp-de-vinilo\/","name":"Cuchillo - Encanto","isPartOf":{"@id":"https:\/\/limbostarr.com\/web\/#website"},"primaryImageOfPage":{"@id":"https:\/\/limbostarr.com\/web\/producto\/cuchillo-cuchillo-lp-de-vinilo\/#primaryimage"},"image":{"@id":"https:\/\/limbostarr.com\/web\/producto\/cuchillo-cuchillo-lp-de-vinilo\/#primaryimage"},"thumbnailUrl":"https:\/\/limbostarr.com\/web\/wp-content\/uploads\/2021\/10\/a3349721973_10.jpg","datePublished":"2018-10-21T15:42:11+00:00","dateModified":"2024-01-06T15:48:54+00:00","description":"Primer \u00e1lbum de Cuchillo publicado por Sinnamon Records en 2008.","breadcrumb":{"@id":"https:\/\/limbostarr.com\/web\/producto\/cuchillo-cuchillo-lp-de-vinilo\/#breadcrumb"},"inLanguage":"es","potentialAction":[{"@type":"ReadAction","target":["https:\/\/limbostarr.com\/web\/producto\/cuchillo-cuchillo-lp-de-vinilo\/"]}]},{"@type":"ImageObject","inLanguage":"es","@id":"https:\/\/limbostarr.com\/web\/producto\/cuchillo-cuchillo-lp-de-vinilo\/#primaryimage","url":"https:\/\/limbostarr.com\/web\/wp-content\/uploads\/2021\/10\/a3349721973_10.jpg","contentUrl":"https:\/\/limbostarr.com\/web\/wp-content\/uploads\/2021\/10\/a3349721973_10.jpg","width":1200,"height":1137},{"@type":"BreadcrumbList","@id":"https:\/\/limbostarr.com\/web\/producto\/cuchillo-cuchillo-lp-de-vinilo\/#breadcrumb","itemListElement":[{"@type":"ListItem","position":1,"name":"Portada","item":"https:\/\/limbostarr.com\/web\/"},{"@type":"ListItem","position":2,"name":"SHOP","item":"https:\/\/limbostarr.com\/web\/tienda\/"},{"@type":"ListItem","position":3,"name":"Cuchillo \u00abCuchillo\u00bb LP de vinilo"}]},{"@type":"WebSite","@id":"https:\/\/limbostarr.com\/web\/#website","url":"https:\/\/limbostarr.com\/web\/","name":"Limbo Starr","description":"Sello discografico independiente","publisher":{"@id":"https:\/\/limbostarr.com\/web\/#organization"},"potentialAction":[{"@type":"SearchAction","target":{"@type":"EntryPoint","urlTemplate":"https:\/\/limbostarr.com\/web\/?s={search_term_string}"},"query-input":{"@type":"PropertyValueSpecification","valueRequired":true,"valueName":"search_term_string"}}],"inLanguage":"es"},{"@type":"Organization","@id":"https:\/\/limbostarr.com\/web\/#organization","name":"Limbo Starr","url":"https:\/\/limbostarr.com\/web\/","logo":{"@type":"ImageObject","inLanguage":"es","@id":"https:\/\/limbostarr.com\/web\/#\/schema\/logo\/image\/","url":"https:\/\/limbostarr.com\/web\/wp-content\/uploads\/2016\/12\/logo-limbo-spotify.gif","contentUrl":"https:\/\/limbostarr.com\/web\/wp-content\/uploads\/2016\/12\/logo-limbo-spotify.gif","width":500,"height":500,"caption":"Limbo Starr"},"image":{"@id":"https:\/\/limbostarr.com\/web\/#\/schema\/logo\/image\/"},"sameAs":["https:\/\/www.facebook.com\/limbostarrmad","https:\/\/x.com\/limbostarrmad","https:\/\/www.instagram.com\/limbostarr\/","https:\/\/www.youtube.com\/user\/limbostarr"]}]}},"jetpack_sharing_enabled":true,"_links":{"self":[{"href":"https:\/\/limbostarr.com\/web\/wp-json\/wp\/v2\/product\/20250","targetHints":{"allow":["GET"]}}],"collection":[{"href":"https:\/\/limbostarr.com\/web\/wp-json\/wp\/v2\/product"}],"about":[{"href":"https:\/\/limbostarr.com\/web\/wp-json\/wp\/v2\/types\/product"}],"wp:featuredmedia":[{"embeddable":true,"href":"https:\/\/limbostarr.com\/web\/wp-json\/wp\/v2\/media\/20253"}],"wp:attachment":[{"href":"https:\/\/limbostarr.com\/web\/wp-json\/wp\/v2\/media?parent=20250"}],"wp:term":[{"taxonomy":"product_brand","embeddable":true,"href":"https:\/\/limbostarr.com\/web\/wp-json\/wp\/v2\/product_brand?post=20250"},{"taxonomy":"product_cat","embeddable":true,"href":"https:\/\/limbostarr.com\/web\/wp-json\/wp\/v2\/product_cat?post=20250"},{"taxonomy":"product_tag","embeddable":true,"href":"https:\/\/limbostarr.com\/web\/wp-json\/wp\/v2\/product_tag?post=20250"}],"curies":[{"name":"wp","href":"https:\/\/api.w.org\/{rel}","templated":true}]}}