{"id":18395,"date":"2021-09-13T09:00:19","date_gmt":"2021-09-13T09:00:19","guid":{"rendered":"https:\/\/limbostarr.com\/web\/?post_type=product&#038;p=18395"},"modified":"2021-09-17T10:10:06","modified_gmt":"2021-09-17T10:10:06","slug":"medalla-arista-rota-vinilo-rosa","status":"publish","type":"product","link":"https:\/\/limbostarr.com\/web\/producto\/medalla-arista-rota-vinilo-rosa\/","title":{"rendered":"Medalla \u00abArista Rota\u00bb Vinilo rosa (Edici\u00f3n limitada)"},"content":{"rendered":"<div class=\"wpb-content-wrapper\"><p>[vc_row][vc_column][wvc_social_icons_custom color=\u00bbblack\u00bb size=\u00bbfa-2x\u00bb facebook=\u00bbhttps:\/\/www.facebook.com\/medallamusica\/\u00bb twitter=\u00bbhttps:\/\/www.twitter.com\/medallamusica\/\u00bb instagram=\u00bbhttps:\/\/www.instagram.com\/medallamusica\/\u00bb youtube=\u00bbhttps:\/\/www.youtube.com\/playlist?list=PLHpyppuf6z6a0rOHmhiu3qwmC2hohiwCv\u00bb spotify=\u00bbhttps:\/\/open.spotify.com\/artist\/7gF2UrWGq0htyQ1SeF7jet\u00bb apple=\u00bbhttps:\/\/music.apple.com\/es\/artist\/medalla\/1465173956&#8243;][vc_column_text]<strong>Tracklist<\/strong>: <strong>1.<\/strong> Verde esmeralda <strong>2.<\/strong> Leviat\u00e1n <strong>3.<\/strong> Justicia po\u00e9tica <strong>4.<\/strong> Vel\u00e1zquez <strong>5.<\/strong> Romance <strong>6.<\/strong> Altares <strong>7.<\/strong> Nuevos valores <strong>8.<\/strong> Flores <strong>9.<\/strong> L\u00e1zaro <strong>10.<\/strong> Gracias a Dios <strong>11.<\/strong> Doce espadas <strong>12.<\/strong> Rey Em\u00e9rito<\/p>\n<p><strong>\u201cArista Rota\u201d<\/strong> es el nuevo \u00e1lbum de <strong>Medalla<\/strong>, un disco con vocaci\u00f3n pop que supura contundencia por los 4 costados. Despu\u00e9s de dos LP y varios singles, los de Barcelona vuelven con una m\u00e1xima muy clara: doce himnos rotundos de pu\u00f1o alzado que se convierten en aristas que se clavan y se graban a fuego al escucharlas, donde se atreven con nuevos registros que van desde el pop m\u00e1s preciosista hasta el rock m\u00e1s imparable. Ha sido producido <strong>Sergio P\u00e9rez SVPER<\/strong> en Maik Maier (Los Punsetes, Mujeres, Joe Crep\u00fasculo).<\/p>\n<p>Portada de V\u00edctor Arce (<a href=\"https:\/\/www.instagram.com\/lxtxcx\/\">@lxtxcx<\/a>) y Fotograf\u00edas y maquetaci\u00f3n de <a href=\"https:\/\/www.instagram.com\/lidiarruego\/\">Lidia Arruego<\/a><\/p>\n<p><strong>Edici\u00f3n:<\/strong> 8 de octubre de 2021 (Vinilo rosa)[\/vc_column_text][vc_video link=\u00bbhttps:\/\/youtu.be\/kQ19c-0eh3U\u00bb][vc_video link=\u00bbhttps:\/\/youtu.be\/eVc6SQ6sLIM\u00bb][vc_video link=\u00bbhttps:\/\/youtu.be\/4HSBhceQ2CY\u00bb][vc_video link=\u00bbhttps:\/\/youtu.be\/BrXTyGVp_XI\u00bb][\/vc_column][\/vc_row]<\/p>\n<\/div>","protected":false},"excerpt":{"rendered":"<p>Canciones fuertes y bellas. Fecha de publicaci\u00f3n 8 de octubre de 2021.<\/p>\n","protected":false},"featured_media":18396,"template":"","meta":[],"product_brand":[],"product_cat":[258],"product_tag":[259],"class_list":{"0":"post-18395","1":"product","2":"type-product","3":"status-publish","4":"has-post-thumbnail","6":"product_cat-medalla","7":"product_tag-medalla","8":"entry","9":"clearfix","10":"entry-grid","11":"entry-columns-4","12":"entry-product-module-layout-sidebar-right","13":"thumbnail-color-tone-dark","14":"is-youtube","15":"entry-product","16":"entry-grid_modern_alt","17":"entry-product-grid_modern_alt","19":"first","20":"instock","21":"featured","22":"shipping-taxable","23":"purchasable","24":"product-type-simple"},"yoast_head":"<!-- This site is optimized with the Yoast SEO plugin v27.4 - https:\/\/yoast.com\/product\/yoast-seo-wordpress\/ -->\n<title>Medalla Arista Rota Vinilo rosa<\/title>\n<meta name=\"description\" content=\"Tercer \u00e1lbum del grupo Medalla. Disponible en LP de vinilo color rosa. Un disco con vocaci\u00f3n pop que supura contundencia por los 4 costados.\" \/>\n<meta name=\"robots\" content=\"index, follow, max-snippet:-1, max-image-preview:large, max-video-preview:-1\" \/>\n<link rel=\"canonical\" href=\"https:\/\/limbostarr.com\/web\/producto\/medalla-arista-rota-vinilo-rosa\/\" \/>\n<meta property=\"og:locale\" content=\"es_ES\" \/>\n<meta property=\"og:type\" content=\"article\" \/>\n<meta property=\"og:title\" content=\"Medalla Arista Rota Vinilo rosa\" \/>\n<meta property=\"og:description\" content=\"Tercer \u00e1lbum del grupo Medalla. Disponible en LP de vinilo color rosa. Un disco con vocaci\u00f3n pop que supura contundencia por los 4 costados.\" \/>\n<meta property=\"og:url\" content=\"https:\/\/limbostarr.com\/web\/producto\/medalla-arista-rota-vinilo-rosa\/\" \/>\n<meta property=\"og:site_name\" content=\"Limbo Starr\" \/>\n<meta property=\"article:publisher\" content=\"https:\/\/www.facebook.com\/limbostarrmad\" \/>\n<meta property=\"article:modified_time\" content=\"2021-09-17T10:10:06+00:00\" \/>\n<meta property=\"og:image\" content=\"https:\/\/limbostarr.com\/web\/wp-content\/uploads\/2021\/09\/medalla-aristarota-shop-e1632937097552.jpg\" \/>\n\t<meta property=\"og:image:width\" content=\"800\" \/>\n\t<meta property=\"og:image:height\" content=\"800\" \/>\n\t<meta property=\"og:image:type\" content=\"image\/jpeg\" \/>\n<meta name=\"twitter:card\" content=\"summary_large_image\" \/>\n<meta name=\"twitter:site\" content=\"@limbostarrmad\" \/>\n<meta name=\"twitter:label1\" content=\"Tiempo de lectura\" \/>\n\t<meta name=\"twitter:data1\" content=\"1 minuto\" \/>\n<script type=\"application\/ld+json\" class=\"yoast-schema-graph\">{\"@context\":\"https:\\\/\\\/schema.org\",\"@graph\":[{\"@type\":\"WebPage\",\"@id\":\"https:\\\/\\\/limbostarr.com\\\/web\\\/producto\\\/medalla-arista-rota-vinilo-rosa\\\/\",\"url\":\"https:\\\/\\\/limbostarr.com\\\/web\\\/producto\\\/medalla-arista-rota-vinilo-rosa\\\/\",\"name\":\"Medalla Arista Rota Vinilo rosa\",\"isPartOf\":{\"@id\":\"https:\\\/\\\/limbostarr.com\\\/web\\\/#website\"},\"primaryImageOfPage\":{\"@id\":\"https:\\\/\\\/limbostarr.com\\\/web\\\/producto\\\/medalla-arista-rota-vinilo-rosa\\\/#primaryimage\"},\"image\":{\"@id\":\"https:\\\/\\\/limbostarr.com\\\/web\\\/producto\\\/medalla-arista-rota-vinilo-rosa\\\/#primaryimage\"},\"thumbnailUrl\":\"https:\\\/\\\/limbostarr.com\\\/web\\\/wp-content\\\/uploads\\\/2021\\\/09\\\/medalla-aristarota-shop-e1632937097552.jpg\",\"datePublished\":\"2021-09-13T09:00:19+00:00\",\"dateModified\":\"2021-09-17T10:10:06+00:00\",\"description\":\"Tercer \u00e1lbum del grupo Medalla. Disponible en LP de vinilo color rosa. Un disco con vocaci\u00f3n pop que supura contundencia por los 4 costados.\",\"breadcrumb\":{\"@id\":\"https:\\\/\\\/limbostarr.com\\\/web\\\/producto\\\/medalla-arista-rota-vinilo-rosa\\\/#breadcrumb\"},\"inLanguage\":\"es\",\"potentialAction\":[{\"@type\":\"ReadAction\",\"target\":[\"https:\\\/\\\/limbostarr.com\\\/web\\\/producto\\\/medalla-arista-rota-vinilo-rosa\\\/\"]}]},{\"@type\":\"ImageObject\",\"inLanguage\":\"es\",\"@id\":\"https:\\\/\\\/limbostarr.com\\\/web\\\/producto\\\/medalla-arista-rota-vinilo-rosa\\\/#primaryimage\",\"url\":\"https:\\\/\\\/limbostarr.com\\\/web\\\/wp-content\\\/uploads\\\/2021\\\/09\\\/medalla-aristarota-shop-e1632937097552.jpg\",\"contentUrl\":\"https:\\\/\\\/limbostarr.com\\\/web\\\/wp-content\\\/uploads\\\/2021\\\/09\\\/medalla-aristarota-shop-e1632937097552.jpg\",\"width\":800,\"height\":800},{\"@type\":\"BreadcrumbList\",\"@id\":\"https:\\\/\\\/limbostarr.com\\\/web\\\/producto\\\/medalla-arista-rota-vinilo-rosa\\\/#breadcrumb\",\"itemListElement\":[{\"@type\":\"ListItem\",\"position\":1,\"name\":\"Portada\",\"item\":\"https:\\\/\\\/limbostarr.com\\\/web\\\/\"},{\"@type\":\"ListItem\",\"position\":2,\"name\":\"SHOP\",\"item\":\"https:\\\/\\\/limbostarr.com\\\/web\\\/tienda\\\/\"},{\"@type\":\"ListItem\",\"position\":3,\"name\":\"Medalla \u00abArista Rota\u00bb Vinilo rosa (Edici\u00f3n limitada)\"}]},{\"@type\":\"WebSite\",\"@id\":\"https:\\\/\\\/limbostarr.com\\\/web\\\/#website\",\"url\":\"https:\\\/\\\/limbostarr.com\\\/web\\\/\",\"name\":\"Limbo Starr\",\"description\":\"Sello discografico independiente\",\"publisher\":{\"@id\":\"https:\\\/\\\/limbostarr.com\\\/web\\\/#organization\"},\"potentialAction\":[{\"@type\":\"SearchAction\",\"target\":{\"@type\":\"EntryPoint\",\"urlTemplate\":\"https:\\\/\\\/limbostarr.com\\\/web\\\/?s={search_term_string}\"},\"query-input\":{\"@type\":\"PropertyValueSpecification\",\"valueRequired\":true,\"valueName\":\"search_term_string\"}}],\"inLanguage\":\"es\"},{\"@type\":\"Organization\",\"@id\":\"https:\\\/\\\/limbostarr.com\\\/web\\\/#organization\",\"name\":\"Limbo Starr\",\"url\":\"https:\\\/\\\/limbostarr.com\\\/web\\\/\",\"logo\":{\"@type\":\"ImageObject\",\"inLanguage\":\"es\",\"@id\":\"https:\\\/\\\/limbostarr.com\\\/web\\\/#\\\/schema\\\/logo\\\/image\\\/\",\"url\":\"https:\\\/\\\/limbostarr.com\\\/web\\\/wp-content\\\/uploads\\\/2016\\\/12\\\/logo-limbo-spotify.gif\",\"contentUrl\":\"https:\\\/\\\/limbostarr.com\\\/web\\\/wp-content\\\/uploads\\\/2016\\\/12\\\/logo-limbo-spotify.gif\",\"width\":500,\"height\":500,\"caption\":\"Limbo Starr\"},\"image\":{\"@id\":\"https:\\\/\\\/limbostarr.com\\\/web\\\/#\\\/schema\\\/logo\\\/image\\\/\"},\"sameAs\":[\"https:\\\/\\\/www.facebook.com\\\/limbostarrmad\",\"https:\\\/\\\/x.com\\\/limbostarrmad\",\"https:\\\/\\\/www.instagram.com\\\/limbostarr\\\/\",\"https:\\\/\\\/www.youtube.com\\\/user\\\/limbostarr\"]}]}<\/script>\n<!-- \/ Yoast SEO plugin. -->","yoast_head_json":{"title":"Medalla Arista Rota Vinilo rosa","description":"Tercer \u00e1lbum del grupo Medalla. Disponible en LP de vinilo color rosa. Un disco con vocaci\u00f3n pop que supura contundencia por los 4 costados.","robots":{"index":"index","follow":"follow","max-snippet":"max-snippet:-1","max-image-preview":"max-image-preview:large","max-video-preview":"max-video-preview:-1"},"canonical":"https:\/\/limbostarr.com\/web\/producto\/medalla-arista-rota-vinilo-rosa\/","og_locale":"es_ES","og_type":"article","og_title":"Medalla Arista Rota Vinilo rosa","og_description":"Tercer \u00e1lbum del grupo Medalla. Disponible en LP de vinilo color rosa. Un disco con vocaci\u00f3n pop que supura contundencia por los 4 costados.","og_url":"https:\/\/limbostarr.com\/web\/producto\/medalla-arista-rota-vinilo-rosa\/","og_site_name":"Limbo Starr","article_publisher":"https:\/\/www.facebook.com\/limbostarrmad","article_modified_time":"2021-09-17T10:10:06+00:00","og_image":[{"width":800,"height":800,"url":"https:\/\/limbostarr.com\/web\/wp-content\/uploads\/2021\/09\/medalla-aristarota-shop-e1632937097552.jpg","type":"image\/jpeg"}],"twitter_card":"summary_large_image","twitter_site":"@limbostarrmad","twitter_misc":{"Tiempo de lectura":"1 minuto"},"schema":{"@context":"https:\/\/schema.org","@graph":[{"@type":"WebPage","@id":"https:\/\/limbostarr.com\/web\/producto\/medalla-arista-rota-vinilo-rosa\/","url":"https:\/\/limbostarr.com\/web\/producto\/medalla-arista-rota-vinilo-rosa\/","name":"Medalla Arista Rota Vinilo rosa","isPartOf":{"@id":"https:\/\/limbostarr.com\/web\/#website"},"primaryImageOfPage":{"@id":"https:\/\/limbostarr.com\/web\/producto\/medalla-arista-rota-vinilo-rosa\/#primaryimage"},"image":{"@id":"https:\/\/limbostarr.com\/web\/producto\/medalla-arista-rota-vinilo-rosa\/#primaryimage"},"thumbnailUrl":"https:\/\/limbostarr.com\/web\/wp-content\/uploads\/2021\/09\/medalla-aristarota-shop-e1632937097552.jpg","datePublished":"2021-09-13T09:00:19+00:00","dateModified":"2021-09-17T10:10:06+00:00","description":"Tercer \u00e1lbum del grupo Medalla. Disponible en LP de vinilo color rosa. Un disco con vocaci\u00f3n pop que supura contundencia por los 4 costados.","breadcrumb":{"@id":"https:\/\/limbostarr.com\/web\/producto\/medalla-arista-rota-vinilo-rosa\/#breadcrumb"},"inLanguage":"es","potentialAction":[{"@type":"ReadAction","target":["https:\/\/limbostarr.com\/web\/producto\/medalla-arista-rota-vinilo-rosa\/"]}]},{"@type":"ImageObject","inLanguage":"es","@id":"https:\/\/limbostarr.com\/web\/producto\/medalla-arista-rota-vinilo-rosa\/#primaryimage","url":"https:\/\/limbostarr.com\/web\/wp-content\/uploads\/2021\/09\/medalla-aristarota-shop-e1632937097552.jpg","contentUrl":"https:\/\/limbostarr.com\/web\/wp-content\/uploads\/2021\/09\/medalla-aristarota-shop-e1632937097552.jpg","width":800,"height":800},{"@type":"BreadcrumbList","@id":"https:\/\/limbostarr.com\/web\/producto\/medalla-arista-rota-vinilo-rosa\/#breadcrumb","itemListElement":[{"@type":"ListItem","position":1,"name":"Portada","item":"https:\/\/limbostarr.com\/web\/"},{"@type":"ListItem","position":2,"name":"SHOP","item":"https:\/\/limbostarr.com\/web\/tienda\/"},{"@type":"ListItem","position":3,"name":"Medalla \u00abArista Rota\u00bb Vinilo rosa (Edici\u00f3n limitada)"}]},{"@type":"WebSite","@id":"https:\/\/limbostarr.com\/web\/#website","url":"https:\/\/limbostarr.com\/web\/","name":"Limbo Starr","description":"Sello discografico independiente","publisher":{"@id":"https:\/\/limbostarr.com\/web\/#organization"},"potentialAction":[{"@type":"SearchAction","target":{"@type":"EntryPoint","urlTemplate":"https:\/\/limbostarr.com\/web\/?s={search_term_string}"},"query-input":{"@type":"PropertyValueSpecification","valueRequired":true,"valueName":"search_term_string"}}],"inLanguage":"es"},{"@type":"Organization","@id":"https:\/\/limbostarr.com\/web\/#organization","name":"Limbo Starr","url":"https:\/\/limbostarr.com\/web\/","logo":{"@type":"ImageObject","inLanguage":"es","@id":"https:\/\/limbostarr.com\/web\/#\/schema\/logo\/image\/","url":"https:\/\/limbostarr.com\/web\/wp-content\/uploads\/2016\/12\/logo-limbo-spotify.gif","contentUrl":"https:\/\/limbostarr.com\/web\/wp-content\/uploads\/2016\/12\/logo-limbo-spotify.gif","width":500,"height":500,"caption":"Limbo Starr"},"image":{"@id":"https:\/\/limbostarr.com\/web\/#\/schema\/logo\/image\/"},"sameAs":["https:\/\/www.facebook.com\/limbostarrmad","https:\/\/x.com\/limbostarrmad","https:\/\/www.instagram.com\/limbostarr\/","https:\/\/www.youtube.com\/user\/limbostarr"]}]}},"jetpack_sharing_enabled":true,"_links":{"self":[{"href":"https:\/\/limbostarr.com\/web\/wp-json\/wp\/v2\/product\/18395","targetHints":{"allow":["GET"]}}],"collection":[{"href":"https:\/\/limbostarr.com\/web\/wp-json\/wp\/v2\/product"}],"about":[{"href":"https:\/\/limbostarr.com\/web\/wp-json\/wp\/v2\/types\/product"}],"wp:featuredmedia":[{"embeddable":true,"href":"https:\/\/limbostarr.com\/web\/wp-json\/wp\/v2\/media\/18396"}],"wp:attachment":[{"href":"https:\/\/limbostarr.com\/web\/wp-json\/wp\/v2\/media?parent=18395"}],"wp:term":[{"taxonomy":"product_brand","embeddable":true,"href":"https:\/\/limbostarr.com\/web\/wp-json\/wp\/v2\/product_brand?post=18395"},{"taxonomy":"product_cat","embeddable":true,"href":"https:\/\/limbostarr.com\/web\/wp-json\/wp\/v2\/product_cat?post=18395"},{"taxonomy":"product_tag","embeddable":true,"href":"https:\/\/limbostarr.com\/web\/wp-json\/wp\/v2\/product_tag?post=18395"}],"curies":[{"name":"wp","href":"https:\/\/api.w.org\/{rel}","templated":true}]}}