{"id":12337,"date":"2020-11-27T13:25:38","date_gmt":"2020-11-27T13:25:38","guid":{"rendered":"https:\/\/limbostarr.com\/web\/?post_type=product&#038;p=12337"},"modified":"2026-02-10T14:55:52","modified_gmt":"2026-02-10T14:55:52","slug":"camiseta-el-mato-a-un-policia-motorizado-negra","status":"publish","type":"product","link":"https:\/\/limbostarr.com\/web\/producto\/camiseta-el-mato-a-un-policia-motorizado-negra\/","title":{"rendered":"Camiseta El mat\u00f3 a un polic\u00eda motorizado negra"},"content":{"rendered":"","protected":false},"excerpt":{"rendered":"","protected":false},"featured_media":19797,"template":"","meta":[],"product_brand":[],"product_cat":[212,67],"product_tag":[213,68],"class_list":{"0":"post-12337","1":"product","2":"type-product","3":"status-publish","4":"has-post-thumbnail","6":"product_cat-camisetas","7":"product_cat-el-mato-a-un-policia-motorizado","8":"product_tag-camisetas","9":"product_tag-el-mato","10":"entry","11":"clearfix","12":"entry-grid","13":"entry-columns-4","14":"entry-product-module-layout-sidebar-right","15":"thumbnail-color-tone-dark","16":"metro-portrait","17":"entry-product","18":"entry-grid_modern_alt","19":"entry-product-grid_modern_alt","21":"first","22":"instock","23":"shipping-taxable","24":"purchasable","25":"product-type-variable"},"yoast_head":"<!-- This site is optimized with the Yoast SEO plugin v27.5 - https:\/\/yoast.com\/product\/yoast-seo-wordpress\/ -->\n<title>Camiseta El mat\u00f3 a un polic\u00eda motorizado negra - Limbo Starr<\/title>\n<meta name=\"description\" content=\"Camiseta El mat\u00f3 a un polic\u00eda motorizado\" \/>\n<meta name=\"robots\" content=\"index, follow, max-snippet:-1, max-image-preview:large, max-video-preview:-1\" \/>\n<link rel=\"canonical\" href=\"https:\/\/limbostarr.com\/web\/producto\/camiseta-el-mato-a-un-policia-motorizado-negra\/\" \/>\n<meta property=\"og:locale\" content=\"es_ES\" \/>\n<meta property=\"og:type\" content=\"article\" \/>\n<meta property=\"og:title\" content=\"Camiseta El mat\u00f3 a un polic\u00eda motorizado negra - Limbo Starr\" \/>\n<meta property=\"og:description\" content=\"Camiseta El mat\u00f3 a un polic\u00eda motorizado\" \/>\n<meta property=\"og:url\" content=\"https:\/\/limbostarr.com\/web\/producto\/camiseta-el-mato-a-un-policia-motorizado-negra\/\" \/>\n<meta property=\"og:site_name\" content=\"Limbo Starr\" \/>\n<meta property=\"article:publisher\" content=\"https:\/\/www.facebook.com\/limbostarrmad\" \/>\n<meta property=\"article:modified_time\" content=\"2026-02-10T14:55:52+00:00\" \/>\n<meta property=\"og:image\" content=\"https:\/\/limbostarr.com\/web\/wp-content\/uploads\/2020\/11\/camiseta-elmato-azul.jpg\" \/>\n\t<meta property=\"og:image:width\" content=\"800\" \/>\n\t<meta property=\"og:image:height\" content=\"853\" \/>\n\t<meta property=\"og:image:type\" content=\"image\/jpeg\" \/>\n<meta name=\"twitter:card\" content=\"summary_large_image\" \/>\n<meta name=\"twitter:site\" content=\"@limbostarrmad\" \/>\n<meta name=\"twitter:label1\" content=\"Tiempo de lectura\" \/>\n\t<meta name=\"twitter:data1\" content=\"1 minuto\" \/>\n<script type=\"application\/ld+json\" class=\"yoast-schema-graph\">{\"@context\":\"https:\\\/\\\/schema.org\",\"@graph\":[{\"@type\":\"WebPage\",\"@id\":\"https:\\\/\\\/limbostarr.com\\\/web\\\/producto\\\/camiseta-el-mato-a-un-policia-motorizado-negra\\\/\",\"url\":\"https:\\\/\\\/limbostarr.com\\\/web\\\/producto\\\/camiseta-el-mato-a-un-policia-motorizado-negra\\\/\",\"name\":\"Camiseta El mat\u00f3 a un polic\u00eda motorizado negra - Limbo Starr\",\"isPartOf\":{\"@id\":\"https:\\\/\\\/limbostarr.com\\\/web\\\/#website\"},\"primaryImageOfPage\":{\"@id\":\"https:\\\/\\\/limbostarr.com\\\/web\\\/producto\\\/camiseta-el-mato-a-un-policia-motorizado-negra\\\/#primaryimage\"},\"image\":{\"@id\":\"https:\\\/\\\/limbostarr.com\\\/web\\\/producto\\\/camiseta-el-mato-a-un-policia-motorizado-negra\\\/#primaryimage\"},\"thumbnailUrl\":\"https:\\\/\\\/limbostarr.com\\\/web\\\/wp-content\\\/uploads\\\/2020\\\/11\\\/camiseta-elmato-azul.jpg\",\"datePublished\":\"2020-11-27T13:25:38+00:00\",\"dateModified\":\"2026-02-10T14:55:52+00:00\",\"description\":\"Camiseta El mat\u00f3 a un polic\u00eda motorizado\",\"breadcrumb\":{\"@id\":\"https:\\\/\\\/limbostarr.com\\\/web\\\/producto\\\/camiseta-el-mato-a-un-policia-motorizado-negra\\\/#breadcrumb\"},\"inLanguage\":\"es\",\"potentialAction\":[{\"@type\":\"ReadAction\",\"target\":[\"https:\\\/\\\/limbostarr.com\\\/web\\\/producto\\\/camiseta-el-mato-a-un-policia-motorizado-negra\\\/\"]}]},{\"@type\":\"ImageObject\",\"inLanguage\":\"es\",\"@id\":\"https:\\\/\\\/limbostarr.com\\\/web\\\/producto\\\/camiseta-el-mato-a-un-policia-motorizado-negra\\\/#primaryimage\",\"url\":\"https:\\\/\\\/limbostarr.com\\\/web\\\/wp-content\\\/uploads\\\/2020\\\/11\\\/camiseta-elmato-azul.jpg\",\"contentUrl\":\"https:\\\/\\\/limbostarr.com\\\/web\\\/wp-content\\\/uploads\\\/2020\\\/11\\\/camiseta-elmato-azul.jpg\",\"width\":800,\"height\":853},{\"@type\":\"BreadcrumbList\",\"@id\":\"https:\\\/\\\/limbostarr.com\\\/web\\\/producto\\\/camiseta-el-mato-a-un-policia-motorizado-negra\\\/#breadcrumb\",\"itemListElement\":[{\"@type\":\"ListItem\",\"position\":1,\"name\":\"Portada\",\"item\":\"https:\\\/\\\/limbostarr.com\\\/web\\\/\"},{\"@type\":\"ListItem\",\"position\":2,\"name\":\"SHOP\",\"item\":\"https:\\\/\\\/limbostarr.com\\\/web\\\/tienda\\\/\"},{\"@type\":\"ListItem\",\"position\":3,\"name\":\"Camiseta El mat\u00f3 a un polic\u00eda motorizado negra\"}]},{\"@type\":\"WebSite\",\"@id\":\"https:\\\/\\\/limbostarr.com\\\/web\\\/#website\",\"url\":\"https:\\\/\\\/limbostarr.com\\\/web\\\/\",\"name\":\"Limbo Starr\",\"description\":\"Sello discografico independiente\",\"publisher\":{\"@id\":\"https:\\\/\\\/limbostarr.com\\\/web\\\/#organization\"},\"potentialAction\":[{\"@type\":\"SearchAction\",\"target\":{\"@type\":\"EntryPoint\",\"urlTemplate\":\"https:\\\/\\\/limbostarr.com\\\/web\\\/?s={search_term_string}\"},\"query-input\":{\"@type\":\"PropertyValueSpecification\",\"valueRequired\":true,\"valueName\":\"search_term_string\"}}],\"inLanguage\":\"es\"},{\"@type\":\"Organization\",\"@id\":\"https:\\\/\\\/limbostarr.com\\\/web\\\/#organization\",\"name\":\"Limbo Starr\",\"url\":\"https:\\\/\\\/limbostarr.com\\\/web\\\/\",\"logo\":{\"@type\":\"ImageObject\",\"inLanguage\":\"es\",\"@id\":\"https:\\\/\\\/limbostarr.com\\\/web\\\/#\\\/schema\\\/logo\\\/image\\\/\",\"url\":\"https:\\\/\\\/limbostarr.com\\\/web\\\/wp-content\\\/uploads\\\/2016\\\/12\\\/logo-limbo-spotify.gif\",\"contentUrl\":\"https:\\\/\\\/limbostarr.com\\\/web\\\/wp-content\\\/uploads\\\/2016\\\/12\\\/logo-limbo-spotify.gif\",\"width\":500,\"height\":500,\"caption\":\"Limbo Starr\"},\"image\":{\"@id\":\"https:\\\/\\\/limbostarr.com\\\/web\\\/#\\\/schema\\\/logo\\\/image\\\/\"},\"sameAs\":[\"https:\\\/\\\/www.facebook.com\\\/limbostarrmad\",\"https:\\\/\\\/x.com\\\/limbostarrmad\",\"https:\\\/\\\/www.instagram.com\\\/limbostarr\\\/\",\"https:\\\/\\\/www.youtube.com\\\/user\\\/limbostarr\"]}]}<\/script>\n<!-- \/ Yoast SEO plugin. -->","yoast_head_json":{"title":"Camiseta El mat\u00f3 a un polic\u00eda motorizado negra - Limbo Starr","description":"Camiseta El mat\u00f3 a un polic\u00eda motorizado","robots":{"index":"index","follow":"follow","max-snippet":"max-snippet:-1","max-image-preview":"max-image-preview:large","max-video-preview":"max-video-preview:-1"},"canonical":"https:\/\/limbostarr.com\/web\/producto\/camiseta-el-mato-a-un-policia-motorizado-negra\/","og_locale":"es_ES","og_type":"article","og_title":"Camiseta El mat\u00f3 a un polic\u00eda motorizado negra - Limbo Starr","og_description":"Camiseta El mat\u00f3 a un polic\u00eda motorizado","og_url":"https:\/\/limbostarr.com\/web\/producto\/camiseta-el-mato-a-un-policia-motorizado-negra\/","og_site_name":"Limbo Starr","article_publisher":"https:\/\/www.facebook.com\/limbostarrmad","article_modified_time":"2026-02-10T14:55:52+00:00","og_image":[{"width":800,"height":853,"url":"https:\/\/limbostarr.com\/web\/wp-content\/uploads\/2020\/11\/camiseta-elmato-azul.jpg","type":"image\/jpeg"}],"twitter_card":"summary_large_image","twitter_site":"@limbostarrmad","twitter_misc":{"Tiempo de lectura":"1 minuto"},"schema":{"@context":"https:\/\/schema.org","@graph":[{"@type":"WebPage","@id":"https:\/\/limbostarr.com\/web\/producto\/camiseta-el-mato-a-un-policia-motorizado-negra\/","url":"https:\/\/limbostarr.com\/web\/producto\/camiseta-el-mato-a-un-policia-motorizado-negra\/","name":"Camiseta El mat\u00f3 a un polic\u00eda motorizado negra - Limbo Starr","isPartOf":{"@id":"https:\/\/limbostarr.com\/web\/#website"},"primaryImageOfPage":{"@id":"https:\/\/limbostarr.com\/web\/producto\/camiseta-el-mato-a-un-policia-motorizado-negra\/#primaryimage"},"image":{"@id":"https:\/\/limbostarr.com\/web\/producto\/camiseta-el-mato-a-un-policia-motorizado-negra\/#primaryimage"},"thumbnailUrl":"https:\/\/limbostarr.com\/web\/wp-content\/uploads\/2020\/11\/camiseta-elmato-azul.jpg","datePublished":"2020-11-27T13:25:38+00:00","dateModified":"2026-02-10T14:55:52+00:00","description":"Camiseta El mat\u00f3 a un polic\u00eda motorizado","breadcrumb":{"@id":"https:\/\/limbostarr.com\/web\/producto\/camiseta-el-mato-a-un-policia-motorizado-negra\/#breadcrumb"},"inLanguage":"es","potentialAction":[{"@type":"ReadAction","target":["https:\/\/limbostarr.com\/web\/producto\/camiseta-el-mato-a-un-policia-motorizado-negra\/"]}]},{"@type":"ImageObject","inLanguage":"es","@id":"https:\/\/limbostarr.com\/web\/producto\/camiseta-el-mato-a-un-policia-motorizado-negra\/#primaryimage","url":"https:\/\/limbostarr.com\/web\/wp-content\/uploads\/2020\/11\/camiseta-elmato-azul.jpg","contentUrl":"https:\/\/limbostarr.com\/web\/wp-content\/uploads\/2020\/11\/camiseta-elmato-azul.jpg","width":800,"height":853},{"@type":"BreadcrumbList","@id":"https:\/\/limbostarr.com\/web\/producto\/camiseta-el-mato-a-un-policia-motorizado-negra\/#breadcrumb","itemListElement":[{"@type":"ListItem","position":1,"name":"Portada","item":"https:\/\/limbostarr.com\/web\/"},{"@type":"ListItem","position":2,"name":"SHOP","item":"https:\/\/limbostarr.com\/web\/tienda\/"},{"@type":"ListItem","position":3,"name":"Camiseta El mat\u00f3 a un polic\u00eda motorizado negra"}]},{"@type":"WebSite","@id":"https:\/\/limbostarr.com\/web\/#website","url":"https:\/\/limbostarr.com\/web\/","name":"Limbo Starr","description":"Sello discografico independiente","publisher":{"@id":"https:\/\/limbostarr.com\/web\/#organization"},"potentialAction":[{"@type":"SearchAction","target":{"@type":"EntryPoint","urlTemplate":"https:\/\/limbostarr.com\/web\/?s={search_term_string}"},"query-input":{"@type":"PropertyValueSpecification","valueRequired":true,"valueName":"search_term_string"}}],"inLanguage":"es"},{"@type":"Organization","@id":"https:\/\/limbostarr.com\/web\/#organization","name":"Limbo Starr","url":"https:\/\/limbostarr.com\/web\/","logo":{"@type":"ImageObject","inLanguage":"es","@id":"https:\/\/limbostarr.com\/web\/#\/schema\/logo\/image\/","url":"https:\/\/limbostarr.com\/web\/wp-content\/uploads\/2016\/12\/logo-limbo-spotify.gif","contentUrl":"https:\/\/limbostarr.com\/web\/wp-content\/uploads\/2016\/12\/logo-limbo-spotify.gif","width":500,"height":500,"caption":"Limbo Starr"},"image":{"@id":"https:\/\/limbostarr.com\/web\/#\/schema\/logo\/image\/"},"sameAs":["https:\/\/www.facebook.com\/limbostarrmad","https:\/\/x.com\/limbostarrmad","https:\/\/www.instagram.com\/limbostarr\/","https:\/\/www.youtube.com\/user\/limbostarr"]}]}},"jetpack_sharing_enabled":true,"_links":{"self":[{"href":"https:\/\/limbostarr.com\/web\/wp-json\/wp\/v2\/product\/12337","targetHints":{"allow":["GET"]}}],"collection":[{"href":"https:\/\/limbostarr.com\/web\/wp-json\/wp\/v2\/product"}],"about":[{"href":"https:\/\/limbostarr.com\/web\/wp-json\/wp\/v2\/types\/product"}],"wp:featuredmedia":[{"embeddable":true,"href":"https:\/\/limbostarr.com\/web\/wp-json\/wp\/v2\/media\/19797"}],"wp:attachment":[{"href":"https:\/\/limbostarr.com\/web\/wp-json\/wp\/v2\/media?parent=12337"}],"wp:term":[{"taxonomy":"product_brand","embeddable":true,"href":"https:\/\/limbostarr.com\/web\/wp-json\/wp\/v2\/product_brand?post=12337"},{"taxonomy":"product_cat","embeddable":true,"href":"https:\/\/limbostarr.com\/web\/wp-json\/wp\/v2\/product_cat?post=12337"},{"taxonomy":"product_tag","embeddable":true,"href":"https:\/\/limbostarr.com\/web\/wp-json\/wp\/v2\/product_tag?post=12337"}],"curies":[{"name":"wp","href":"https:\/\/api.w.org\/{rel}","templated":true}]}}