{"id":12308,"date":"2017-11-26T13:37:38","date_gmt":"2017-11-26T13:37:38","guid":{"rendered":"https:\/\/limbostarr.com\/web\/?post_type=product&#038;p=12308"},"modified":"2025-02-27T08:49:12","modified_gmt":"2025-02-27T08:49:12","slug":"cuchillo-duat","status":"publish","type":"product","link":"https:\/\/limbostarr.com\/web\/producto\/cuchillo-duat\/","title":{"rendered":"Cuchillo &#8211; \u00abDuat\u00bb"},"content":{"rendered":"<div class=\"wpb-content-wrapper\"><p>[vc_row][vc_column][vc_column_text]Un EP experimental en formato CD y vinilo de 10\u201d\u00a0cuyo t\u00edtulo hace referencia al denominado inframundo en la mitolog\u00eda egipcia. La Duat era entendida como un cielo inferior situado bajo la Tierra, por donde el sol RA hac\u00eda su periplo en una barca de oeste a este durante la noche. Ah\u00ed es nada\u2026<\/p>\n<p>Con este trabajo <strong>Cuchillo<\/strong> presentan tres canciones de progresi\u00f3n larga -suman casi 30 minutos-, de armon\u00eda invariable y gran belleza mel\u00f3dica. El EP, cantado en castellano, ha sido grabado entre Barcelona y Los \u00c1ngeles, mezclado en Malib\u00fa por\u00a0<strong>Alfonso G. R\u00f3denas<\/strong> y masterizado por <strong>Joe Gastwirt<\/strong>.<\/p>\n<p>Seg\u00fan dicen ellos mismos siguen sonando a desierto, a psicodelia, pero esta vez con un toque m\u00e1s mediterr\u00e1neo; pasando por Marruecos y Egipto, saludando al Krautrock de\u00a0<strong>Popol Vuh\u00a0<\/strong>y<strong>\u00a0Neu!<\/strong>, a la frescura de\u00a0<strong>Robert Wyatt<\/strong>, y a unos\u00a0<strong>Brincos<\/strong>\u00a0m\u00e1s oscuros. Afirman que no es un anticipo del pr\u00f3ximo disco, sino un \u00e1lbum en s\u00ed mismo.<\/p>\n<p>\u00abRecurro a \u00e9l cada vez m\u00e1s a menudo, sobre todo cuando necesito compa\u00f1\u00eda para reflexionar. Le estoy descubriendo una virtud preciada y seductora: me hace dejarme ir.\u00bb David S. Mordoh (<a href=\"http:\/\/www.musicaenlamochila.net\/2010\/11\/23\/duat-cuchillo\/#more-1431\">M\u00fasica en la mochila<\/a>)<\/p>\n<p><strong>Tracklist: <\/strong><\/p>\n<p>Cara A<\/p>\n<ol>\n<li>Sombra y mar<\/li>\n<li>\u00daltimo silencio<\/li>\n<\/ol>\n<p>Cara B<\/p>\n<ol>\n<li>Duat<\/li>\n<\/ol>\n<p>&nbsp;<\/p>\n<p><strong>Edici\u00f3n:<\/strong> 2 de noviembre de 2010<br \/>\n<strong>Formatos:<\/strong> Vinilo 10\u201d \/ CD Digifile \/ digital[\/vc_column_text][\/vc_column][\/vc_row]<\/p>\n<\/div>","protected":false},"excerpt":{"rendered":"<p>Mejor single nacional del a\u00f1o por la revista Rockdelux. Un EP experimental en formato CD y vinilo de 10\u201d cuyo t\u00edtulo hace referencia al denominado inframundo en la mitolog\u00eda egipcia.<\/p>\n","protected":false},"featured_media":25437,"template":"","meta":[],"product_brand":[],"product_cat":[260],"product_tag":[261],"class_list":{"0":"post-12308","1":"product","2":"type-product","3":"status-publish","4":"has-post-thumbnail","6":"product_cat-cuchillo","7":"product_tag-cuchillo","8":"entry","9":"clearfix","10":"entry-grid","11":"entry-columns-4","12":"entry-product-module-layout-sidebar-right","13":"thumbnail-color-tone-dark","14":"entry-product","15":"entry-grid_modern_alt","16":"entry-product-grid_modern_alt","18":"first","19":"instock","20":"shipping-taxable","21":"purchasable","22":"product-type-variable"},"yoast_head":"<!-- This site is optimized with the Yoast SEO plugin v27.4 - https:\/\/yoast.com\/product\/yoast-seo-wordpress\/ -->\n<title>Cuchillo: Duat<\/title>\n<meta name=\"description\" content=\"EP con tres canciones no presentes en ning\u00fan \u00e1lbum. Vinilo 10&quot; y CD digifile. Publicaci\u00f3n: 2 de noviembre de 2010.\" \/>\n<meta name=\"robots\" content=\"index, follow, max-snippet:-1, max-image-preview:large, max-video-preview:-1\" \/>\n<link rel=\"canonical\" href=\"https:\/\/limbostarr.com\/web\/producto\/cuchillo-duat\/\" \/>\n<meta property=\"og:locale\" content=\"es_ES\" \/>\n<meta property=\"og:type\" content=\"article\" \/>\n<meta property=\"og:title\" content=\"Cuchillo: Duat\" \/>\n<meta property=\"og:description\" content=\"EP con tres canciones no presentes en ning\u00fan \u00e1lbum. Vinilo 10&quot; y CD digifile. Publicaci\u00f3n: 2 de noviembre de 2010.\" \/>\n<meta property=\"og:url\" content=\"https:\/\/limbostarr.com\/web\/producto\/cuchillo-duat\/\" \/>\n<meta property=\"og:site_name\" content=\"Limbo Starr\" \/>\n<meta property=\"article:publisher\" content=\"https:\/\/www.facebook.com\/limbostarrmad\" \/>\n<meta property=\"article:modified_time\" content=\"2025-02-27T08:49:12+00:00\" \/>\n<meta property=\"og:image\" content=\"https:\/\/limbostarr.com\/web\/wp-content\/uploads\/2025\/02\/cover-Cuchillo-Duat-ep-300.webp\" \/>\n\t<meta property=\"og:image:width\" content=\"800\" \/>\n\t<meta property=\"og:image:height\" content=\"800\" \/>\n\t<meta property=\"og:image:type\" content=\"image\/webp\" \/>\n<meta name=\"twitter:card\" content=\"summary_large_image\" \/>\n<meta name=\"twitter:site\" content=\"@limbostarrmad\" \/>\n<meta name=\"twitter:label1\" content=\"Tiempo de lectura\" \/>\n\t<meta name=\"twitter:data1\" content=\"2 minutos\" \/>\n<script type=\"application\/ld+json\" class=\"yoast-schema-graph\">{\"@context\":\"https:\\\/\\\/schema.org\",\"@graph\":[{\"@type\":\"WebPage\",\"@id\":\"https:\\\/\\\/limbostarr.com\\\/web\\\/producto\\\/cuchillo-duat\\\/\",\"url\":\"https:\\\/\\\/limbostarr.com\\\/web\\\/producto\\\/cuchillo-duat\\\/\",\"name\":\"Cuchillo: Duat\",\"isPartOf\":{\"@id\":\"https:\\\/\\\/limbostarr.com\\\/web\\\/#website\"},\"primaryImageOfPage\":{\"@id\":\"https:\\\/\\\/limbostarr.com\\\/web\\\/producto\\\/cuchillo-duat\\\/#primaryimage\"},\"image\":{\"@id\":\"https:\\\/\\\/limbostarr.com\\\/web\\\/producto\\\/cuchillo-duat\\\/#primaryimage\"},\"thumbnailUrl\":\"https:\\\/\\\/limbostarr.com\\\/web\\\/wp-content\\\/uploads\\\/2025\\\/02\\\/cover-Cuchillo-Duat-ep-300.webp\",\"datePublished\":\"2017-11-26T13:37:38+00:00\",\"dateModified\":\"2025-02-27T08:49:12+00:00\",\"description\":\"EP con tres canciones no presentes en ning\u00fan \u00e1lbum. Vinilo 10\\\" y CD digifile. Publicaci\u00f3n: 2 de noviembre de 2010.\",\"breadcrumb\":{\"@id\":\"https:\\\/\\\/limbostarr.com\\\/web\\\/producto\\\/cuchillo-duat\\\/#breadcrumb\"},\"inLanguage\":\"es\",\"potentialAction\":[{\"@type\":\"ReadAction\",\"target\":[\"https:\\\/\\\/limbostarr.com\\\/web\\\/producto\\\/cuchillo-duat\\\/\"]}]},{\"@type\":\"ImageObject\",\"inLanguage\":\"es\",\"@id\":\"https:\\\/\\\/limbostarr.com\\\/web\\\/producto\\\/cuchillo-duat\\\/#primaryimage\",\"url\":\"https:\\\/\\\/limbostarr.com\\\/web\\\/wp-content\\\/uploads\\\/2025\\\/02\\\/cover-Cuchillo-Duat-ep-300.webp\",\"contentUrl\":\"https:\\\/\\\/limbostarr.com\\\/web\\\/wp-content\\\/uploads\\\/2025\\\/02\\\/cover-Cuchillo-Duat-ep-300.webp\",\"width\":800,\"height\":800,\"caption\":\"cover Cuchillo Duat\"},{\"@type\":\"BreadcrumbList\",\"@id\":\"https:\\\/\\\/limbostarr.com\\\/web\\\/producto\\\/cuchillo-duat\\\/#breadcrumb\",\"itemListElement\":[{\"@type\":\"ListItem\",\"position\":1,\"name\":\"Portada\",\"item\":\"https:\\\/\\\/limbostarr.com\\\/web\\\/\"},{\"@type\":\"ListItem\",\"position\":2,\"name\":\"SHOP\",\"item\":\"https:\\\/\\\/limbostarr.com\\\/web\\\/tienda\\\/\"},{\"@type\":\"ListItem\",\"position\":3,\"name\":\"Cuchillo &#8211; \u00abDuat\u00bb\"}]},{\"@type\":\"WebSite\",\"@id\":\"https:\\\/\\\/limbostarr.com\\\/web\\\/#website\",\"url\":\"https:\\\/\\\/limbostarr.com\\\/web\\\/\",\"name\":\"Limbo Starr\",\"description\":\"Sello discografico independiente\",\"publisher\":{\"@id\":\"https:\\\/\\\/limbostarr.com\\\/web\\\/#organization\"},\"potentialAction\":[{\"@type\":\"SearchAction\",\"target\":{\"@type\":\"EntryPoint\",\"urlTemplate\":\"https:\\\/\\\/limbostarr.com\\\/web\\\/?s={search_term_string}\"},\"query-input\":{\"@type\":\"PropertyValueSpecification\",\"valueRequired\":true,\"valueName\":\"search_term_string\"}}],\"inLanguage\":\"es\"},{\"@type\":\"Organization\",\"@id\":\"https:\\\/\\\/limbostarr.com\\\/web\\\/#organization\",\"name\":\"Limbo Starr\",\"url\":\"https:\\\/\\\/limbostarr.com\\\/web\\\/\",\"logo\":{\"@type\":\"ImageObject\",\"inLanguage\":\"es\",\"@id\":\"https:\\\/\\\/limbostarr.com\\\/web\\\/#\\\/schema\\\/logo\\\/image\\\/\",\"url\":\"https:\\\/\\\/limbostarr.com\\\/web\\\/wp-content\\\/uploads\\\/2016\\\/12\\\/logo-limbo-spotify.gif\",\"contentUrl\":\"https:\\\/\\\/limbostarr.com\\\/web\\\/wp-content\\\/uploads\\\/2016\\\/12\\\/logo-limbo-spotify.gif\",\"width\":500,\"height\":500,\"caption\":\"Limbo Starr\"},\"image\":{\"@id\":\"https:\\\/\\\/limbostarr.com\\\/web\\\/#\\\/schema\\\/logo\\\/image\\\/\"},\"sameAs\":[\"https:\\\/\\\/www.facebook.com\\\/limbostarrmad\",\"https:\\\/\\\/x.com\\\/limbostarrmad\",\"https:\\\/\\\/www.instagram.com\\\/limbostarr\\\/\",\"https:\\\/\\\/www.youtube.com\\\/user\\\/limbostarr\"]}]}<\/script>\n<!-- \/ Yoast SEO plugin. -->","yoast_head_json":{"title":"Cuchillo: Duat","description":"EP con tres canciones no presentes en ning\u00fan \u00e1lbum. Vinilo 10\" y CD digifile. Publicaci\u00f3n: 2 de noviembre de 2010.","robots":{"index":"index","follow":"follow","max-snippet":"max-snippet:-1","max-image-preview":"max-image-preview:large","max-video-preview":"max-video-preview:-1"},"canonical":"https:\/\/limbostarr.com\/web\/producto\/cuchillo-duat\/","og_locale":"es_ES","og_type":"article","og_title":"Cuchillo: Duat","og_description":"EP con tres canciones no presentes en ning\u00fan \u00e1lbum. Vinilo 10\" y CD digifile. Publicaci\u00f3n: 2 de noviembre de 2010.","og_url":"https:\/\/limbostarr.com\/web\/producto\/cuchillo-duat\/","og_site_name":"Limbo Starr","article_publisher":"https:\/\/www.facebook.com\/limbostarrmad","article_modified_time":"2025-02-27T08:49:12+00:00","og_image":[{"width":800,"height":800,"url":"https:\/\/limbostarr.com\/web\/wp-content\/uploads\/2025\/02\/cover-Cuchillo-Duat-ep-300.webp","type":"image\/webp"}],"twitter_card":"summary_large_image","twitter_site":"@limbostarrmad","twitter_misc":{"Tiempo de lectura":"2 minutos"},"schema":{"@context":"https:\/\/schema.org","@graph":[{"@type":"WebPage","@id":"https:\/\/limbostarr.com\/web\/producto\/cuchillo-duat\/","url":"https:\/\/limbostarr.com\/web\/producto\/cuchillo-duat\/","name":"Cuchillo: Duat","isPartOf":{"@id":"https:\/\/limbostarr.com\/web\/#website"},"primaryImageOfPage":{"@id":"https:\/\/limbostarr.com\/web\/producto\/cuchillo-duat\/#primaryimage"},"image":{"@id":"https:\/\/limbostarr.com\/web\/producto\/cuchillo-duat\/#primaryimage"},"thumbnailUrl":"https:\/\/limbostarr.com\/web\/wp-content\/uploads\/2025\/02\/cover-Cuchillo-Duat-ep-300.webp","datePublished":"2017-11-26T13:37:38+00:00","dateModified":"2025-02-27T08:49:12+00:00","description":"EP con tres canciones no presentes en ning\u00fan \u00e1lbum. Vinilo 10\" y CD digifile. Publicaci\u00f3n: 2 de noviembre de 2010.","breadcrumb":{"@id":"https:\/\/limbostarr.com\/web\/producto\/cuchillo-duat\/#breadcrumb"},"inLanguage":"es","potentialAction":[{"@type":"ReadAction","target":["https:\/\/limbostarr.com\/web\/producto\/cuchillo-duat\/"]}]},{"@type":"ImageObject","inLanguage":"es","@id":"https:\/\/limbostarr.com\/web\/producto\/cuchillo-duat\/#primaryimage","url":"https:\/\/limbostarr.com\/web\/wp-content\/uploads\/2025\/02\/cover-Cuchillo-Duat-ep-300.webp","contentUrl":"https:\/\/limbostarr.com\/web\/wp-content\/uploads\/2025\/02\/cover-Cuchillo-Duat-ep-300.webp","width":800,"height":800,"caption":"cover Cuchillo Duat"},{"@type":"BreadcrumbList","@id":"https:\/\/limbostarr.com\/web\/producto\/cuchillo-duat\/#breadcrumb","itemListElement":[{"@type":"ListItem","position":1,"name":"Portada","item":"https:\/\/limbostarr.com\/web\/"},{"@type":"ListItem","position":2,"name":"SHOP","item":"https:\/\/limbostarr.com\/web\/tienda\/"},{"@type":"ListItem","position":3,"name":"Cuchillo &#8211; \u00abDuat\u00bb"}]},{"@type":"WebSite","@id":"https:\/\/limbostarr.com\/web\/#website","url":"https:\/\/limbostarr.com\/web\/","name":"Limbo Starr","description":"Sello discografico independiente","publisher":{"@id":"https:\/\/limbostarr.com\/web\/#organization"},"potentialAction":[{"@type":"SearchAction","target":{"@type":"EntryPoint","urlTemplate":"https:\/\/limbostarr.com\/web\/?s={search_term_string}"},"query-input":{"@type":"PropertyValueSpecification","valueRequired":true,"valueName":"search_term_string"}}],"inLanguage":"es"},{"@type":"Organization","@id":"https:\/\/limbostarr.com\/web\/#organization","name":"Limbo Starr","url":"https:\/\/limbostarr.com\/web\/","logo":{"@type":"ImageObject","inLanguage":"es","@id":"https:\/\/limbostarr.com\/web\/#\/schema\/logo\/image\/","url":"https:\/\/limbostarr.com\/web\/wp-content\/uploads\/2016\/12\/logo-limbo-spotify.gif","contentUrl":"https:\/\/limbostarr.com\/web\/wp-content\/uploads\/2016\/12\/logo-limbo-spotify.gif","width":500,"height":500,"caption":"Limbo Starr"},"image":{"@id":"https:\/\/limbostarr.com\/web\/#\/schema\/logo\/image\/"},"sameAs":["https:\/\/www.facebook.com\/limbostarrmad","https:\/\/x.com\/limbostarrmad","https:\/\/www.instagram.com\/limbostarr\/","https:\/\/www.youtube.com\/user\/limbostarr"]}]}},"jetpack_sharing_enabled":true,"_links":{"self":[{"href":"https:\/\/limbostarr.com\/web\/wp-json\/wp\/v2\/product\/12308","targetHints":{"allow":["GET"]}}],"collection":[{"href":"https:\/\/limbostarr.com\/web\/wp-json\/wp\/v2\/product"}],"about":[{"href":"https:\/\/limbostarr.com\/web\/wp-json\/wp\/v2\/types\/product"}],"wp:featuredmedia":[{"embeddable":true,"href":"https:\/\/limbostarr.com\/web\/wp-json\/wp\/v2\/media\/25437"}],"wp:attachment":[{"href":"https:\/\/limbostarr.com\/web\/wp-json\/wp\/v2\/media?parent=12308"}],"wp:term":[{"taxonomy":"product_brand","embeddable":true,"href":"https:\/\/limbostarr.com\/web\/wp-json\/wp\/v2\/product_brand?post=12308"},{"taxonomy":"product_cat","embeddable":true,"href":"https:\/\/limbostarr.com\/web\/wp-json\/wp\/v2\/product_cat?post=12308"},{"taxonomy":"product_tag","embeddable":true,"href":"https:\/\/limbostarr.com\/web\/wp-json\/wp\/v2\/product_tag?post=12308"}],"curies":[{"name":"wp","href":"https:\/\/api.w.org\/{rel}","templated":true}]}}