{"id":12230,"date":"2018-11-04T14:00:20","date_gmt":"2018-11-04T14:00:20","guid":{"rendered":"https:\/\/limbostarr.com\/web\/?post_type=product&#038;p=12230"},"modified":"2025-02-18T19:17:27","modified_gmt":"2025-02-18T19:17:27","slug":"violencia","status":"publish","type":"product","link":"https:\/\/limbostarr.com\/web\/producto\/violencia\/","title":{"rendered":"Violencia"},"content":{"rendered":"<div class=\"wpb-content-wrapper\"><p>[vc_row][vc_column][vc_column_text]Madrid, 11 de diciembre de 2015<\/p>\n<p>Han pasado tres a\u00f1os ya desde la edici\u00f3n de <em><strong>La Dinast\u00eda Scorpio<\/strong><\/em> (Laptra\/Limbo Starr, 2013), el \u00e1lbum que situ\u00f3 a los platenses <strong>El Mat\u00f3 a un Polic\u00eda Motorizado<\/strong> como una de la principales voces de Am\u00e9rica Latina -y tambi\u00e9n Espa\u00f1a- en cuanto a indie rock se refiere.<\/p>\n<p><em><strong>Violencia<\/strong><\/em> es el t\u00edtulo de su nueva referencia, cuatro nuevas canciones con las que repiten con <strong>Eduardo Bergallo<\/strong> en la producci\u00f3n y mandos t\u00e9cnicos, contando esta vez con <strong>Lucas Rosetto <\/strong>-su t\u00e9cnico de sonido en directo- en la asistencia. Cuatro nuevos himnos que incorporar a su cancionero, y por ende cantar con su p\u00fablico a voz en grito. Incluye <strong>\u00abEl baile en la colina\u00bb<\/strong>, que ya adelantaron en su \u00faltima visita en verano, donde pasaron por salas y festivales para confirmar que su calado aqu\u00ed cada d\u00eda es mayor, y que va a ser dif\u00edcil que tanto grupo como seguidores puedan imaginar un verano sin verse las caras.<\/p>\n<p>La portada, como siempre obra de <strong>Santiago Motorizado<\/strong>, contin\u00faa definiendo un estilo en el que es recurrente la asociaci\u00f3n del pop con la iconograf\u00eda deportiva, donde habitualmente la mujer tiene un papel destacado.<\/p>\n<p>La banda siempre ha reivindicado este formato \u201cpeque\u00f1o\u201d, editando <em><strong>Tormenta Roja<\/strong><\/em> en 2003 y <em><strong>Mujeres Bellas y Fuertes<\/strong><\/em> y <em><strong>Chica de Oro<\/strong><\/em> en 2012. Aquellas ediciones adelantaban parte del material de posteriores \u00e1lbumes, acompa\u00f1ados de caras B. Violencia, sin embargo, es un EP cuyas canciones no estar\u00e1n presentes en un \u00e1lbum posterior, y que forman parte de una transici\u00f3n entre lo que fue su \u00faltimo disco y lo que est\u00e1n preparando para su pr\u00f3ximo \u00e1lbum.<\/p>\n<p><strong>Tracklist: <\/strong><\/p>\n<p>Cara A<\/p>\n<p>1. Violencia<br \/>\n2. El baile de la colina<\/p>\n<p>Cara B<\/p>\n<p>1. Rucho<br \/>\n2. Aire freso<\/p>\n<p><strong>Edici\u00f3n:<\/strong> 11 de diciembre de 2015<br \/>\n<strong>Formatos:<\/strong> Vinilo 10\u201d \/ CD Digipack \/ digital[\/vc_column_text][\/vc_column][\/vc_row]<\/p>\n<\/div>","protected":false},"excerpt":{"rendered":"<p>Cuatro nuevos himnos que incorporar a su cancionero, y por ende cantar con su p\u00fablico a voz en grito. Incluye <strong>\u00abEl baile en la colina\u00bb.<\/strong><\/p>\n","protected":false},"featured_media":12237,"template":"","meta":[],"product_brand":[],"product_cat":[67],"product_tag":[68],"class_list":{"0":"post-12230","1":"product","2":"type-product","3":"status-publish","4":"has-post-thumbnail","6":"product_cat-el-mato-a-un-policia-motorizado","7":"product_tag-el-mato","8":"entry","9":"clearfix","10":"entry-grid","11":"entry-columns-4","12":"entry-product-module-layout-sidebar-right","13":"thumbnail-color-tone-dark","14":"entry-product","15":"entry-grid_modern_alt","16":"entry-product-grid_modern_alt","18":"first","19":"instock","20":"shipping-taxable","21":"purchasable","22":"product-type-variable"},"yoast_head":"<!-- This site is optimized with the Yoast SEO plugin v27.5 - https:\/\/yoast.com\/product\/yoast-seo-wordpress\/ -->\n<title>El mat\u00f3 a un polic\u00eda motorizado: Violencia<\/title>\n<meta name=\"description\" content=\"EP con cuatro canciones no presentes en ning\u00fan \u00e1lbum. Vinilo 10&quot; y CD digipack. Edici\u00f3n espa\u00f1ola.\" \/>\n<meta name=\"robots\" content=\"index, follow, max-snippet:-1, max-image-preview:large, max-video-preview:-1\" \/>\n<link rel=\"canonical\" href=\"https:\/\/limbostarr.com\/web\/producto\/violencia\/\" \/>\n<meta property=\"og:locale\" content=\"es_ES\" \/>\n<meta property=\"og:type\" content=\"article\" \/>\n<meta property=\"og:title\" content=\"El mat\u00f3 a un polic\u00eda motorizado: Violencia\" \/>\n<meta property=\"og:description\" content=\"EP con cuatro canciones no presentes en ning\u00fan \u00e1lbum. Vinilo 10&quot; y CD digipack. Edici\u00f3n espa\u00f1ola.\" \/>\n<meta property=\"og:url\" content=\"https:\/\/limbostarr.com\/web\/producto\/violencia\/\" \/>\n<meta property=\"og:site_name\" content=\"Limbo Starr\" \/>\n<meta property=\"article:publisher\" content=\"https:\/\/www.facebook.com\/limbostarrmad\" \/>\n<meta property=\"article:modified_time\" content=\"2025-02-18T19:17:27+00:00\" \/>\n<meta property=\"og:image\" content=\"https:\/\/limbostarr.com\/web\/wp-content\/uploads\/2020\/11\/LS0691.jpg\" \/>\n\t<meta property=\"og:image:width\" content=\"1240\" \/>\n\t<meta property=\"og:image:height\" content=\"1240\" \/>\n\t<meta property=\"og:image:type\" content=\"image\/jpeg\" \/>\n<meta name=\"twitter:card\" content=\"summary_large_image\" \/>\n<meta name=\"twitter:site\" content=\"@limbostarrmad\" \/>\n<meta name=\"twitter:label1\" content=\"Tiempo de lectura\" \/>\n\t<meta name=\"twitter:data1\" content=\"2 minutos\" \/>\n<script type=\"application\/ld+json\" class=\"yoast-schema-graph\">{\"@context\":\"https:\\\/\\\/schema.org\",\"@graph\":[{\"@type\":\"WebPage\",\"@id\":\"https:\\\/\\\/limbostarr.com\\\/web\\\/producto\\\/violencia\\\/\",\"url\":\"https:\\\/\\\/limbostarr.com\\\/web\\\/producto\\\/violencia\\\/\",\"name\":\"El mat\u00f3 a un polic\u00eda motorizado: Violencia\",\"isPartOf\":{\"@id\":\"https:\\\/\\\/limbostarr.com\\\/web\\\/#website\"},\"primaryImageOfPage\":{\"@id\":\"https:\\\/\\\/limbostarr.com\\\/web\\\/producto\\\/violencia\\\/#primaryimage\"},\"image\":{\"@id\":\"https:\\\/\\\/limbostarr.com\\\/web\\\/producto\\\/violencia\\\/#primaryimage\"},\"thumbnailUrl\":\"https:\\\/\\\/limbostarr.com\\\/web\\\/wp-content\\\/uploads\\\/2020\\\/11\\\/LS0691.jpg\",\"datePublished\":\"2018-11-04T14:00:20+00:00\",\"dateModified\":\"2025-02-18T19:17:27+00:00\",\"description\":\"EP con cuatro canciones no presentes en ning\u00fan \u00e1lbum. Vinilo 10\\\" y CD digipack. Edici\u00f3n espa\u00f1ola.\",\"breadcrumb\":{\"@id\":\"https:\\\/\\\/limbostarr.com\\\/web\\\/producto\\\/violencia\\\/#breadcrumb\"},\"inLanguage\":\"es\",\"potentialAction\":[{\"@type\":\"ReadAction\",\"target\":[\"https:\\\/\\\/limbostarr.com\\\/web\\\/producto\\\/violencia\\\/\"]}]},{\"@type\":\"ImageObject\",\"inLanguage\":\"es\",\"@id\":\"https:\\\/\\\/limbostarr.com\\\/web\\\/producto\\\/violencia\\\/#primaryimage\",\"url\":\"https:\\\/\\\/limbostarr.com\\\/web\\\/wp-content\\\/uploads\\\/2020\\\/11\\\/LS0691.jpg\",\"contentUrl\":\"https:\\\/\\\/limbostarr.com\\\/web\\\/wp-content\\\/uploads\\\/2020\\\/11\\\/LS0691.jpg\",\"width\":1240,\"height\":1240},{\"@type\":\"BreadcrumbList\",\"@id\":\"https:\\\/\\\/limbostarr.com\\\/web\\\/producto\\\/violencia\\\/#breadcrumb\",\"itemListElement\":[{\"@type\":\"ListItem\",\"position\":1,\"name\":\"Portada\",\"item\":\"https:\\\/\\\/limbostarr.com\\\/web\\\/\"},{\"@type\":\"ListItem\",\"position\":2,\"name\":\"SHOP\",\"item\":\"https:\\\/\\\/limbostarr.com\\\/web\\\/tienda\\\/\"},{\"@type\":\"ListItem\",\"position\":3,\"name\":\"Violencia\"}]},{\"@type\":\"WebSite\",\"@id\":\"https:\\\/\\\/limbostarr.com\\\/web\\\/#website\",\"url\":\"https:\\\/\\\/limbostarr.com\\\/web\\\/\",\"name\":\"Limbo Starr\",\"description\":\"Sello discografico independiente\",\"publisher\":{\"@id\":\"https:\\\/\\\/limbostarr.com\\\/web\\\/#organization\"},\"potentialAction\":[{\"@type\":\"SearchAction\",\"target\":{\"@type\":\"EntryPoint\",\"urlTemplate\":\"https:\\\/\\\/limbostarr.com\\\/web\\\/?s={search_term_string}\"},\"query-input\":{\"@type\":\"PropertyValueSpecification\",\"valueRequired\":true,\"valueName\":\"search_term_string\"}}],\"inLanguage\":\"es\"},{\"@type\":\"Organization\",\"@id\":\"https:\\\/\\\/limbostarr.com\\\/web\\\/#organization\",\"name\":\"Limbo Starr\",\"url\":\"https:\\\/\\\/limbostarr.com\\\/web\\\/\",\"logo\":{\"@type\":\"ImageObject\",\"inLanguage\":\"es\",\"@id\":\"https:\\\/\\\/limbostarr.com\\\/web\\\/#\\\/schema\\\/logo\\\/image\\\/\",\"url\":\"https:\\\/\\\/limbostarr.com\\\/web\\\/wp-content\\\/uploads\\\/2016\\\/12\\\/logo-limbo-spotify.gif\",\"contentUrl\":\"https:\\\/\\\/limbostarr.com\\\/web\\\/wp-content\\\/uploads\\\/2016\\\/12\\\/logo-limbo-spotify.gif\",\"width\":500,\"height\":500,\"caption\":\"Limbo Starr\"},\"image\":{\"@id\":\"https:\\\/\\\/limbostarr.com\\\/web\\\/#\\\/schema\\\/logo\\\/image\\\/\"},\"sameAs\":[\"https:\\\/\\\/www.facebook.com\\\/limbostarrmad\",\"https:\\\/\\\/x.com\\\/limbostarrmad\",\"https:\\\/\\\/www.instagram.com\\\/limbostarr\\\/\",\"https:\\\/\\\/www.youtube.com\\\/user\\\/limbostarr\"]}]}<\/script>\n<!-- \/ Yoast SEO plugin. -->","yoast_head_json":{"title":"El mat\u00f3 a un polic\u00eda motorizado: Violencia","description":"EP con cuatro canciones no presentes en ning\u00fan \u00e1lbum. Vinilo 10\" y CD digipack. Edici\u00f3n espa\u00f1ola.","robots":{"index":"index","follow":"follow","max-snippet":"max-snippet:-1","max-image-preview":"max-image-preview:large","max-video-preview":"max-video-preview:-1"},"canonical":"https:\/\/limbostarr.com\/web\/producto\/violencia\/","og_locale":"es_ES","og_type":"article","og_title":"El mat\u00f3 a un polic\u00eda motorizado: Violencia","og_description":"EP con cuatro canciones no presentes en ning\u00fan \u00e1lbum. Vinilo 10\" y CD digipack. Edici\u00f3n espa\u00f1ola.","og_url":"https:\/\/limbostarr.com\/web\/producto\/violencia\/","og_site_name":"Limbo Starr","article_publisher":"https:\/\/www.facebook.com\/limbostarrmad","article_modified_time":"2025-02-18T19:17:27+00:00","og_image":[{"width":1240,"height":1240,"url":"https:\/\/limbostarr.com\/web\/wp-content\/uploads\/2020\/11\/LS0691.jpg","type":"image\/jpeg"}],"twitter_card":"summary_large_image","twitter_site":"@limbostarrmad","twitter_misc":{"Tiempo de lectura":"2 minutos"},"schema":{"@context":"https:\/\/schema.org","@graph":[{"@type":"WebPage","@id":"https:\/\/limbostarr.com\/web\/producto\/violencia\/","url":"https:\/\/limbostarr.com\/web\/producto\/violencia\/","name":"El mat\u00f3 a un polic\u00eda motorizado: Violencia","isPartOf":{"@id":"https:\/\/limbostarr.com\/web\/#website"},"primaryImageOfPage":{"@id":"https:\/\/limbostarr.com\/web\/producto\/violencia\/#primaryimage"},"image":{"@id":"https:\/\/limbostarr.com\/web\/producto\/violencia\/#primaryimage"},"thumbnailUrl":"https:\/\/limbostarr.com\/web\/wp-content\/uploads\/2020\/11\/LS0691.jpg","datePublished":"2018-11-04T14:00:20+00:00","dateModified":"2025-02-18T19:17:27+00:00","description":"EP con cuatro canciones no presentes en ning\u00fan \u00e1lbum. Vinilo 10\" y CD digipack. Edici\u00f3n espa\u00f1ola.","breadcrumb":{"@id":"https:\/\/limbostarr.com\/web\/producto\/violencia\/#breadcrumb"},"inLanguage":"es","potentialAction":[{"@type":"ReadAction","target":["https:\/\/limbostarr.com\/web\/producto\/violencia\/"]}]},{"@type":"ImageObject","inLanguage":"es","@id":"https:\/\/limbostarr.com\/web\/producto\/violencia\/#primaryimage","url":"https:\/\/limbostarr.com\/web\/wp-content\/uploads\/2020\/11\/LS0691.jpg","contentUrl":"https:\/\/limbostarr.com\/web\/wp-content\/uploads\/2020\/11\/LS0691.jpg","width":1240,"height":1240},{"@type":"BreadcrumbList","@id":"https:\/\/limbostarr.com\/web\/producto\/violencia\/#breadcrumb","itemListElement":[{"@type":"ListItem","position":1,"name":"Portada","item":"https:\/\/limbostarr.com\/web\/"},{"@type":"ListItem","position":2,"name":"SHOP","item":"https:\/\/limbostarr.com\/web\/tienda\/"},{"@type":"ListItem","position":3,"name":"Violencia"}]},{"@type":"WebSite","@id":"https:\/\/limbostarr.com\/web\/#website","url":"https:\/\/limbostarr.com\/web\/","name":"Limbo Starr","description":"Sello discografico independiente","publisher":{"@id":"https:\/\/limbostarr.com\/web\/#organization"},"potentialAction":[{"@type":"SearchAction","target":{"@type":"EntryPoint","urlTemplate":"https:\/\/limbostarr.com\/web\/?s={search_term_string}"},"query-input":{"@type":"PropertyValueSpecification","valueRequired":true,"valueName":"search_term_string"}}],"inLanguage":"es"},{"@type":"Organization","@id":"https:\/\/limbostarr.com\/web\/#organization","name":"Limbo Starr","url":"https:\/\/limbostarr.com\/web\/","logo":{"@type":"ImageObject","inLanguage":"es","@id":"https:\/\/limbostarr.com\/web\/#\/schema\/logo\/image\/","url":"https:\/\/limbostarr.com\/web\/wp-content\/uploads\/2016\/12\/logo-limbo-spotify.gif","contentUrl":"https:\/\/limbostarr.com\/web\/wp-content\/uploads\/2016\/12\/logo-limbo-spotify.gif","width":500,"height":500,"caption":"Limbo Starr"},"image":{"@id":"https:\/\/limbostarr.com\/web\/#\/schema\/logo\/image\/"},"sameAs":["https:\/\/www.facebook.com\/limbostarrmad","https:\/\/x.com\/limbostarrmad","https:\/\/www.instagram.com\/limbostarr\/","https:\/\/www.youtube.com\/user\/limbostarr"]}]}},"jetpack_sharing_enabled":true,"_links":{"self":[{"href":"https:\/\/limbostarr.com\/web\/wp-json\/wp\/v2\/product\/12230","targetHints":{"allow":["GET"]}}],"collection":[{"href":"https:\/\/limbostarr.com\/web\/wp-json\/wp\/v2\/product"}],"about":[{"href":"https:\/\/limbostarr.com\/web\/wp-json\/wp\/v2\/types\/product"}],"wp:featuredmedia":[{"embeddable":true,"href":"https:\/\/limbostarr.com\/web\/wp-json\/wp\/v2\/media\/12237"}],"wp:attachment":[{"href":"https:\/\/limbostarr.com\/web\/wp-json\/wp\/v2\/media?parent=12230"}],"wp:term":[{"taxonomy":"product_brand","embeddable":true,"href":"https:\/\/limbostarr.com\/web\/wp-json\/wp\/v2\/product_brand?post=12230"},{"taxonomy":"product_cat","embeddable":true,"href":"https:\/\/limbostarr.com\/web\/wp-json\/wp\/v2\/product_cat?post=12230"},{"taxonomy":"product_tag","embeddable":true,"href":"https:\/\/limbostarr.com\/web\/wp-json\/wp\/v2\/product_tag?post=12230"}],"curies":[{"name":"wp","href":"https:\/\/api.w.org\/{rel}","templated":true}]}}